{"id":104,"date":"2023-04-03T10:48:49","date_gmt":"2023-04-03T10:48:49","guid":{"rendered":"https:\/\/nububupt.pha.dk\/?page_id=104"},"modified":"2023-04-04T07:55:15","modified_gmt":"2023-04-04T07:55:15","slug":"tredages-intro-kursus","status":"publish","type":"page","link":"https:\/\/nububupt.pha.dk\/?page_id=104","title":{"rendered":"Tredages intro-kursus"},"content":{"rendered":"\t\t<div data-elementor-type=\"wp-page\" data-elementor-id=\"104\" class=\"elementor elementor-104\">\n\t\t\t\t\t\t\t\t\t<section class=\"elementor-section elementor-top-section elementor-element elementor-element-86666fd elementor-section-boxed elementor-section-height-default elementor-section-height-default\" data-id=\"86666fd\" data-element_type=\"section\">\n\t\t\t\t\t\t<div class=\"elementor-container elementor-column-gap-default\">\n\t\t\t\t\t<div class=\"elementor-column elementor-col-100 elementor-top-column elementor-element elementor-element-2dd0a48\" data-id=\"2dd0a48\" data-element_type=\"column\">\n\t\t\t<div class=\"elementor-widget-wrap elementor-element-populated\">\n\t\t\t\t\t\t\t\t<div class=\"elementor-element elementor-element-8265915 elementor-widget elementor-widget-heading\" data-id=\"8265915\" data-element_type=\"widget\" data-widget_type=\"heading.default\">\n\t\t\t\t<div class=\"elementor-widget-container\">\n\t\t\t<style>\/*! elementor - v3.12.1 - 02-04-2023 *\/\n.elementor-heading-title{padding:0;margin:0;line-height:1}.elementor-widget-heading .elementor-heading-title[class*=elementor-size-]>a{color:inherit;font-size:inherit;line-height:inherit}.elementor-widget-heading .elementor-heading-title.elementor-size-small{font-size:15px}.elementor-widget-heading .elementor-heading-title.elementor-size-medium{font-size:19px}.elementor-widget-heading .elementor-heading-title.elementor-size-large{font-size:29px}.elementor-widget-heading .elementor-heading-title.elementor-size-xl{font-size:39px}.elementor-widget-heading .elementor-heading-title.elementor-size-xxl{font-size:59px}<\/style><h3 class=\"elementor-heading-title elementor-size-default\">TV\u00c6RFAGLIGT OG TV\u00c6RSEKTORIELT SAMARBEJDE VEDR. DE SOCIALT UDSATTE B\u00d8RN<\/h3>\t\t<\/div>\n\t\t\t\t<\/div>\n\t\t\t\t<div class=\"elementor-element elementor-element-67fee98 elementor-widget elementor-widget-heading\" data-id=\"67fee98\" data-element_type=\"widget\" data-widget_type=\"heading.default\">\n\t\t\t\t<div class=\"elementor-widget-container\">\n\t\t\t<h4 class=\"elementor-heading-title elementor-size-default\">Et tredages introducerende undervisningsforl\u00f8b<\/h4>\t\t<\/div>\n\t\t\t\t<\/div>\n\t\t\t\t<div class=\"elementor-element elementor-element-18ebef0 elementor-widget elementor-widget-text-editor\" data-id=\"18ebef0\" data-element_type=\"widget\" data-widget_type=\"text-editor.default\">\n\t\t\t\t<div class=\"elementor-widget-container\">\n\t\t\t<style>\/*! elementor - v3.12.1 - 02-04-2023 *\/\n.elementor-widget-text-editor.elementor-drop-cap-view-stacked .elementor-drop-cap{background-color:#69727d;color:#fff}.elementor-widget-text-editor.elementor-drop-cap-view-framed .elementor-drop-cap{color:#69727d;border:3px solid;background-color:transparent}.elementor-widget-text-editor:not(.elementor-drop-cap-view-default) .elementor-drop-cap{margin-top:8px}.elementor-widget-text-editor:not(.elementor-drop-cap-view-default) .elementor-drop-cap-letter{width:1em;height:1em}.elementor-widget-text-editor .elementor-drop-cap{float:left;text-align:center;line-height:1;font-size:50px}.elementor-widget-text-editor .elementor-drop-cap-letter{display:inline-block}<\/style>\t\t\t\t<p>(Udarbejdet af lektor, cand. jur. Bente Adolphsen VIAUC)<\/p>\t\t\t\t\t\t<\/div>\n\t\t\t\t<\/div>\n\t\t\t\t<div class=\"elementor-element elementor-element-d4bab5b elementor-widget elementor-widget-heading\" data-id=\"d4bab5b\" data-element_type=\"widget\" data-widget_type=\"heading.default\">\n\t\t\t\t<div class=\"elementor-widget-container\">\n\t\t\t<h4 class=\"elementor-heading-title elementor-size-default\">Form\u00e5l med dag 1:<\/h4>\t\t<\/div>\n\t\t\t\t<\/div>\n\t\t\t\t<div class=\"elementor-element elementor-element-4cf4493 elementor-widget elementor-widget-text-editor\" data-id=\"4cf4493\" data-element_type=\"widget\" data-widget_type=\"text-editor.default\">\n\t\t\t\t<div class=\"elementor-widget-container\">\n\t\t\t\t\t\t\t<p>Form\u00e5let med dag 1 er at den studerende f\u00e5r en klar forst\u00e5else af de forskellige sektorers opgaver, ansvar og afgr\u00e6nsning. Den studerende f\u00e5r st\u00f8rre sikkerhed i at se sit eget fag ind i arbejdet med udsatte b\u00f8rn og f\u00e5r herved st\u00f8rre forst\u00e5else for b\u00e5de egne og andres opgaver, ansvar og begr\u00e6nsninger i forhold til udsatte b\u00f8rn og afhj\u00e6lpning af deres problemer.<\/p>\t\t\t\t\t\t<\/div>\n\t\t\t\t<\/div>\n\t\t\t\t<div class=\"elementor-element elementor-element-ef98f6b elementor-widget elementor-widget-heading\" data-id=\"ef98f6b\" data-element_type=\"widget\" data-widget_type=\"heading.default\">\n\t\t\t\t<div class=\"elementor-widget-container\">\n\t\t\t<h4 class=\"elementor-heading-title elementor-size-default\">Form\u00e5l med dag 2:<\/h4>\t\t<\/div>\n\t\t\t\t<\/div>\n\t\t\t\t<div class=\"elementor-element elementor-element-df1185b elementor-widget elementor-widget-text-editor\" data-id=\"df1185b\" data-element_type=\"widget\" data-widget_type=\"text-editor.default\">\n\t\t\t\t<div class=\"elementor-widget-container\">\n\t\t\t\t\t\t\t<p>Form\u00e5let med dagen er gennem en kort samlet gennemgang af regler om tavshedspligt og videregivelse af oplysninger at s\u00e6tte den studerende i stand til dels at foretage en saglig vurdering af hvilke oplysninger det er lovligt at g\u00f8re sig bekendt med i et konkret arbejde, og dels give den studerende tilstr\u00e6kkeligt kendskab til diverse relevante s\u00e6rregler om videregivelse af oplysninger og tv\u00e6rfagligt arbejde.<\/p>\t\t\t\t\t\t<\/div>\n\t\t\t\t<\/div>\n\t\t\t\t<div class=\"elementor-element elementor-element-ec27e83 elementor-widget elementor-widget-heading\" data-id=\"ec27e83\" data-element_type=\"widget\" data-widget_type=\"heading.default\">\n\t\t\t\t<div class=\"elementor-widget-container\">\n\t\t\t<h4 class=\"elementor-heading-title elementor-size-default\">Form\u00e5l med dag 3:<\/h4>\t\t<\/div>\n\t\t\t\t<\/div>\n\t\t\t\t<div class=\"elementor-element elementor-element-e7e2401 elementor-widget elementor-widget-text-editor\" data-id=\"e7e2401\" data-element_type=\"widget\" data-widget_type=\"text-editor.default\">\n\t\t\t\t<div class=\"elementor-widget-container\">\n\t\t\t\t\t\t\t<p>Form\u00e5let med dagen er at den studerende f\u00e5r kendskab til servicelovens muligheder, af- og begr\u00e6nsninger i arbejdet med de socialt udsatte b\u00f8rn. Med afs\u00e6t i opl\u00e6g p\u00e5 dagen og de foreg\u00e5ende dages temaer s\u00e6ttes den studerende i stand til at afklare i hvilke situationer der kan og skal ske underretning. Endelig opn\u00e5r den studerende en \u00f8get forst\u00e5else for hvilke samarbejdsmuligheder der er i forhold til de b\u00f8rn der modtager foranstaltninger efter serviceloven ligesom den studerendes forst\u00e5else for egen rolle i arbejde styrkes.<\/p>\t\t\t\t\t\t<\/div>\n\t\t\t\t<\/div>\n\t\t\t\t<div class=\"elementor-element elementor-element-0d36e21 elementor-widget elementor-widget-heading\" data-id=\"0d36e21\" data-element_type=\"widget\" data-widget_type=\"heading.default\">\n\t\t\t\t<div class=\"elementor-widget-container\">\n\t\t\t<h3 class=\"elementor-heading-title elementor-size-default\">Plan for dag 1:<\/h3>\t\t<\/div>\n\t\t\t\t<\/div>\n\t\t\t\t<div class=\"elementor-element elementor-element-37461e2 elementor-widget elementor-widget-heading\" data-id=\"37461e2\" data-element_type=\"widget\" data-widget_type=\"heading.default\">\n\t\t\t\t<div class=\"elementor-widget-container\">\n\t\t\t<h4 class=\"elementor-heading-title elementor-size-default\">Formiddag<\/h4>\t\t<\/div>\n\t\t\t\t<\/div>\n\t\t\t\t<div class=\"elementor-element elementor-element-85d3faf elementor-widget elementor-widget-text-editor\" data-id=\"85d3faf\" data-element_type=\"widget\" data-widget_type=\"text-editor.default\">\n\t\t\t\t<div class=\"elementor-widget-container\">\n\t\t\t\t\t\t\t<p>De forskellige sektorers opgaver \u2013 opl\u00e6g, gruppearbejde om cases, diskussioner<\/p><p>Opl\u00e6g: Form\u00e5lsbestemmelserne i de forskellige love gennemg\u00e5s og herunder inddrages gennem diskussion med de studerende de forskellige fags begreber.<\/p><p>Gruppearbejde: P\u00e5 baggrund af cases diskuteres snitflader og forskelle p\u00e5 de forskellige tilbud\/opgaver. Med afs\u00e6t i casene diskuteres ogs\u00e5 hvordan \u201dsundhed\u201d, \u201dtrivsel\u201d, \u201dbehov for st\u00f8tte\u201d, \u201dbehov for s\u00e6rlig st\u00f8tte\u201d osv. skal forst\u00e5s.<\/p><p>Fx case nr. 3<\/p>\t\t\t\t\t\t<\/div>\n\t\t\t\t<\/div>\n\t\t\t\t<div class=\"elementor-element elementor-element-109e5d1 elementor-widget elementor-widget-heading\" data-id=\"109e5d1\" data-element_type=\"widget\" data-widget_type=\"heading.default\">\n\t\t\t\t<div class=\"elementor-widget-container\">\n\t\t\t<h4 class=\"elementor-heading-title elementor-size-default\">Eftermiddag<\/h4>\t\t<\/div>\n\t\t\t\t<\/div>\n\t\t\t\t<div class=\"elementor-element elementor-element-1f9a100 elementor-widget elementor-widget-text-editor\" data-id=\"1f9a100\" data-element_type=\"widget\" data-widget_type=\"text-editor.default\">\n\t\t\t\t<div class=\"elementor-widget-container\">\n\t\t\t\t\t\t\t<p>Tv\u00e6rfaglig eller tv\u00e6rsektoriel sparring \u2013 opl\u00e6g, cases, diskussioner<\/p><p>Opl\u00e6g: Sektoransvar, saglig forvaltning og proportionalitet gennemg\u00e5s.<\/p><p>Gruppearbejde: Med afs\u00e6t i de valgte cases arbejder grupperne med sektoransvar og (begrebet) \u201dfaglige vurderinger\u201d.<\/p><p>Fx case nr. 1 og 2<\/p><p>Afslutning: Opsamling p\u00e5 holdet.<br \/>Til dag 1 l\u00e6ses:<\/p><p>Form\u00e5lsbestemmelserne i de forskellige love<\/p><p>Uddrag af forarbejder\/vejledninger til lovene i forhold til forklaringer, definitioner m.v. vedr. lovenes anvendelsesomr\u00e5de, sektorernes pligter og gr\u00e6nser<br \/>Bentes materiale s. 4-10<\/p>\t\t\t\t\t\t<\/div>\n\t\t\t\t<\/div>\n\t\t\t\t<div class=\"elementor-element elementor-element-e0286e4 elementor-widget elementor-widget-heading\" data-id=\"e0286e4\" data-element_type=\"widget\" data-widget_type=\"heading.default\">\n\t\t\t\t<div class=\"elementor-widget-container\">\n\t\t\t<h3 class=\"elementor-heading-title elementor-size-default\">Plan for dag 2:<\/h3>\t\t<\/div>\n\t\t\t\t<\/div>\n\t\t\t\t<div class=\"elementor-element elementor-element-946ecb6 elementor-widget elementor-widget-heading\" data-id=\"946ecb6\" data-element_type=\"widget\" data-widget_type=\"heading.default\">\n\t\t\t\t<div class=\"elementor-widget-container\">\n\t\t\t<h4 class=\"elementor-heading-title elementor-size-default\">Formiddag:<\/h4>\t\t<\/div>\n\t\t\t\t<\/div>\n\t\t\t\t<div class=\"elementor-element elementor-element-f97917e elementor-widget elementor-widget-text-editor\" data-id=\"f97917e\" data-element_type=\"widget\" data-widget_type=\"text-editor.default\">\n\t\t\t\t<div class=\"elementor-widget-container\">\n\t\t\t\t\t\t\t<p>Tavshedspligt, servicelovens \u00a7 49a, SSP-samarbejdet, underretningspligt \u2013 opl\u00e6g<\/p><p>Opl\u00e6g: Regler om forvaltningsretlige principper, tavshedspligt, indsamling og videregivelse af oplysninger gennemg\u00e5s.<\/p>\t\t\t\t\t\t<\/div>\n\t\t\t\t<\/div>\n\t\t\t\t<div class=\"elementor-element elementor-element-afe49a6 elementor-widget elementor-widget-heading\" data-id=\"afe49a6\" data-element_type=\"widget\" data-widget_type=\"heading.default\">\n\t\t\t\t<div class=\"elementor-widget-container\">\n\t\t\t<h4 class=\"elementor-heading-title elementor-size-default\">Eftermiddag:<\/h4>\t\t<\/div>\n\t\t\t\t<\/div>\n\t\t\t\t<div class=\"elementor-element elementor-element-ee38e69 elementor-widget elementor-widget-text-editor\" data-id=\"ee38e69\" data-element_type=\"widget\" data-widget_type=\"text-editor.default\">\n\t\t\t\t<div class=\"elementor-widget-container\">\n\t\t\t\t\t\t\t<p>Udveksling af oplysninger og samarbejde i det tidligt forebyggende arbejde \u2013 cases, diskussioner<\/p><p>Gruppearbejde: Der arbejdes med cases p\u00e5 baggrund af formiddagens opl\u00e6g.<\/p><p>Fx case 4, 7 og 9<\/p><p>Afslutning: Opsamling p\u00e5 holdet<\/p><p>Til dag 2 l\u00e6ses:<\/p><p>Bentes materiale s.11-22<\/p>\t\t\t\t\t\t<\/div>\n\t\t\t\t<\/div>\n\t\t\t\t<div class=\"elementor-element elementor-element-fb5ab91 elementor-widget elementor-widget-heading\" data-id=\"fb5ab91\" data-element_type=\"widget\" data-widget_type=\"heading.default\">\n\t\t\t\t<div class=\"elementor-widget-container\">\n\t\t\t<h3 class=\"elementor-heading-title elementor-size-default\">Plan for dag 3:<\/h3>\t\t<\/div>\n\t\t\t\t<\/div>\n\t\t\t\t<div class=\"elementor-element elementor-element-36b08c8 elementor-widget elementor-widget-heading\" data-id=\"36b08c8\" data-element_type=\"widget\" data-widget_type=\"heading.default\">\n\t\t\t\t<div class=\"elementor-widget-container\">\n\t\t\t<h4 class=\"elementor-heading-title elementor-size-default\">Formiddag:<\/h4>\t\t<\/div>\n\t\t\t\t<\/div>\n\t\t\t\t<div class=\"elementor-element elementor-element-438c3fb elementor-widget elementor-widget-text-editor\" data-id=\"438c3fb\" data-element_type=\"widget\" data-widget_type=\"text-editor.default\">\n\t\t\t\t<div class=\"elementor-widget-container\">\n\t\t\t\t\t\t\t<p>Underretning og servicelovens regler om st\u00f8tte til socialt udsatte b\u00f8rn \u2013 opl\u00e6g, cases, diskussioner<\/p><p>Opl\u00e6g: Servicelovens \u00a7 153 og kap. 11<\/p><p>Gruppearbejde: Arbejde med cases \u2013 fx nr. 5 og 6<\/p><p>Afslutning: Opsamling p\u00e5 holdet.<\/p>\t\t\t\t\t\t<\/div>\n\t\t\t\t<\/div>\n\t\t\t\t<div class=\"elementor-element elementor-element-3ac09a1 elementor-widget elementor-widget-heading\" data-id=\"3ac09a1\" data-element_type=\"widget\" data-widget_type=\"heading.default\">\n\t\t\t\t<div class=\"elementor-widget-container\">\n\t\t\t<h4 class=\"elementor-heading-title elementor-size-default\">Eftermiddag:<\/h4>\t\t<\/div>\n\t\t\t\t<\/div>\n\t\t\t\t<div class=\"elementor-element elementor-element-ffb13be elementor-widget elementor-widget-text-editor\" data-id=\"ffb13be\" data-element_type=\"widget\" data-widget_type=\"text-editor.default\">\n\t\t\t\t<div class=\"elementor-widget-container\">\n\t\t\t\t\t\t\t<p>Samarbejde \u2013 hvordan indg\u00e5r prim\u00e6rsektoren i det konkrete arbejde med b\u00f8rn der f\u00e5r st\u00f8tte efter serviceloven \u2013 kort intro til cases, diskussioner<\/p><p>Gruppearbejde: P\u00e5 baggrund af en kort introduktion diskuteres ud fra cases hvordan et konkret samarbejde kan foreg\u00e5 \u2013 b\u00e5de i forhold til inddragelse af prim\u00e6rsektoren i opstillingen af m\u00e5l og i afhj\u00e6lpningen af barnets behov i henhold til den plan som kommunen har udarbejdet efter \u00a7 140.<\/p><p>Fx arbejde videre med case 5 og 6 efter en evt. underretning og case 10<\/p><p>Afslutning: Opsamling p\u00e5 holdet.<\/p><p>Til dag 3 l\u00e6ses:<\/p><p>Servicelovens \u00a7\u00a7 153, 46, 50, 52 og 140<\/p><p>Bentes materiale s. 19 og 20-22<\/p>\t\t\t\t\t\t<\/div>\n\t\t\t\t<\/div>\n\t\t\t\t<div class=\"elementor-element elementor-element-2fa73b2 elementor-widget elementor-widget-heading\" data-id=\"2fa73b2\" data-element_type=\"widget\" data-widget_type=\"heading.default\">\n\t\t\t\t<div class=\"elementor-widget-container\">\n\t\t\t<h3 class=\"elementor-heading-title elementor-size-default\">Supplerende litteratur:<\/h3>\t\t<\/div>\n\t\t\t\t<\/div>\n\t\t\t\t<div class=\"elementor-element elementor-element-bcfce37 elementor-widget elementor-widget-text-editor\" data-id=\"bcfce37\" data-element_type=\"widget\" data-widget_type=\"text-editor.default\">\n\t\t\t\t<div class=\"elementor-widget-container\">\n\t\t\t\t\t\t\t<p>Bente Adolphsen, Underretninger og unders\u00f8gelser,\u00a0<a href=\"http:\/\/www.viauc.dk\/socialraadgiver\/Aarhus\/publikationer\/Sider\/socialskriftserie.aspx\" target=\"_blank\" rel=\"noopener\">Den sociale skriftserie nr. 1, der kan downloades gratis<\/a>\u00a0eller k\u00f8bes i receptionen p\u00e5 Skejbyvej 15.<\/p>\t\t\t\t\t\t<\/div>\n\t\t\t\t<\/div>\n\t\t\t\t\t<\/div>\n\t\t<\/div>\n\t\t\t\t\t\t\t<\/div>\n\t\t<\/section>\n\t\t\t\t\t\t\t<\/div>\n\t\t","protected":false},"excerpt":{"rendered":"<p>TV\u00c6RFAGLIGT OG TV\u00c6RSEKTORIELT SAMARBEJDE VEDR. DE SOCIALT UDSATTE B\u00d8RN Et tredages introducerende undervisningsforl\u00f8b (Udarbejdet af lektor, cand. jur. Bente Adolphsen VIAUC) Form\u00e5l med dag 1:&hellip;<\/p>\n","protected":false},"author":1,"featured_media":0,"parent":0,"menu_order":0,"comment_status":"closed","ping_status":"closed","template":"","meta":{"footnotes":""},"class_list":["post-104","page","type-page","status-publish","hentry"],"_links":{"self":[{"href":"https:\/\/nububupt.pha.dk\/index.php?rest_route=\/wp\/v2\/pages\/104","targetHints":{"allow":["GET"]}}],"collection":[{"href":"https:\/\/nububupt.pha.dk\/index.php?rest_route=\/wp\/v2\/pages"}],"about":[{"href":"https:\/\/nububupt.pha.dk\/index.php?rest_route=\/wp\/v2\/types\/page"}],"author":[{"embeddable":true,"href":"https:\/\/nububupt.pha.dk\/index.php?rest_route=\/wp\/v2\/users\/1"}],"replies":[{"embeddable":true,"href":"https:\/\/nububupt.pha.dk\/index.php?rest_route=%2Fwp%2Fv2%2Fcomments&post=104"}],"version-history":[{"count":4,"href":"https:\/\/nububupt.pha.dk\/index.php?rest_route=\/wp\/v2\/pages\/104\/revisions"}],"predecessor-version":[{"id":402,"href":"https:\/\/nububupt.pha.dk\/index.php?rest_route=\/wp\/v2\/pages\/104\/revisions\/402"}],"wp:attachment":[{"href":"https:\/\/nububupt.pha.dk\/index.php?rest_route=%2Fwp%2Fv2%2Fmedia&parent=104"}],"curies":[{"name":"wp","href":"https:\/\/api.w.org\/{rel}","templated":true}]}}