{"id":113,"date":"2023-04-03T10:53:23","date_gmt":"2023-04-03T10:53:23","guid":{"rendered":"https:\/\/nububupt.pha.dk\/?page_id=113"},"modified":"2023-04-04T08:04:58","modified_gmt":"2023-04-04T08:04:58","slug":"analysemodel","status":"publish","type":"page","link":"https:\/\/nububupt.pha.dk\/?page_id=113","title":{"rendered":"Analysemodel"},"content":{"rendered":"\t\t<div data-elementor-type=\"wp-page\" data-elementor-id=\"113\" class=\"elementor elementor-113\">\n\t\t\t\t\t\t\t\t\t<section class=\"elementor-section elementor-top-section elementor-element elementor-element-26c7aba elementor-section-boxed elementor-section-height-default elementor-section-height-default\" data-id=\"26c7aba\" data-element_type=\"section\">\n\t\t\t\t\t\t<div class=\"elementor-container elementor-column-gap-default\">\n\t\t\t\t\t<div class=\"elementor-column elementor-col-100 elementor-top-column elementor-element elementor-element-2bec8ff\" data-id=\"2bec8ff\" data-element_type=\"column\">\n\t\t\t<div class=\"elementor-widget-wrap elementor-element-populated\">\n\t\t\t\t\t\t\t\t<div class=\"elementor-element elementor-element-8262b66 elementor-widget elementor-widget-heading\" data-id=\"8262b66\" data-element_type=\"widget\" data-widget_type=\"heading.default\">\n\t\t\t\t<div class=\"elementor-widget-container\">\n\t\t\t<style>\/*! elementor - v3.12.1 - 02-04-2023 *\/\n.elementor-heading-title{padding:0;margin:0;line-height:1}.elementor-widget-heading .elementor-heading-title[class*=elementor-size-]>a{color:inherit;font-size:inherit;line-height:inherit}.elementor-widget-heading .elementor-heading-title.elementor-size-small{font-size:15px}.elementor-widget-heading .elementor-heading-title.elementor-size-medium{font-size:19px}.elementor-widget-heading .elementor-heading-title.elementor-size-large{font-size:29px}.elementor-widget-heading .elementor-heading-title.elementor-size-xl{font-size:39px}.elementor-widget-heading .elementor-heading-title.elementor-size-xxl{font-size:59px}<\/style><h3 class=\"elementor-heading-title elementor-size-default\">Analysemodel<\/h3>\t\t<\/div>\n\t\t\t\t<\/div>\n\t\t\t\t<div class=\"elementor-element elementor-element-c3e17a8 elementor-widget elementor-widget-text-editor\" data-id=\"c3e17a8\" data-element_type=\"widget\" data-widget_type=\"text-editor.default\">\n\t\t\t\t<div class=\"elementor-widget-container\">\n\t\t\t<style>\/*! elementor - v3.12.1 - 02-04-2023 *\/\n.elementor-widget-text-editor.elementor-drop-cap-view-stacked .elementor-drop-cap{background-color:#69727d;color:#fff}.elementor-widget-text-editor.elementor-drop-cap-view-framed .elementor-drop-cap{color:#69727d;border:3px solid;background-color:transparent}.elementor-widget-text-editor:not(.elementor-drop-cap-view-default) .elementor-drop-cap{margin-top:8px}.elementor-widget-text-editor:not(.elementor-drop-cap-view-default) .elementor-drop-cap-letter{width:1em;height:1em}.elementor-widget-text-editor .elementor-drop-cap{float:left;text-align:center;line-height:1;font-size:50px}.elementor-widget-text-editor .elementor-drop-cap-letter{display:inline-block}<\/style>\t\t\t\t<p>Her er en enkel cirkul\u00e6r model, som kan anvendes af studerende som afs\u00e6t for at analysere den enkelte case.<\/p><p>Analysemodellen er udarbejdet med inspiration fra udviklings\u00f8kologisk teori (Urie Bronfenbrenner, 1979), og i modellen bliver der stillet centrale refleksions- og analysesp\u00f8rgsm\u00e5l, som kan guide studerendes fokusering p\u00e5 problemstillinger i den enkelte case. I centrum af modellen er der fokus dels p\u00e5 problembestemmelse og dels p\u00e5, hvad der er barnets\/den unges deltagelses- og udviklingsmuligheder.<\/p>\t\t\t\t\t\t<\/div>\n\t\t\t\t<\/div>\n\t\t\t\t<div class=\"elementor-element elementor-element-68ca372 elementor-widget elementor-widget-image\" data-id=\"68ca372\" data-element_type=\"widget\" data-widget_type=\"image.default\">\n\t\t\t\t<div class=\"elementor-widget-container\">\n\t\t\t<style>\/*! elementor - v3.12.1 - 02-04-2023 *\/\n.elementor-widget-image{text-align:center}.elementor-widget-image a{display:inline-block}.elementor-widget-image a img[src$=\".svg\"]{width:48px}.elementor-widget-image img{vertical-align:middle;display:inline-block}<\/style>\t\t\t\t\t\t\t\t\t\t\t\t<img loading=\"lazy\" decoding=\"async\" width=\"830\" height=\"697\" src=\"https:\/\/nububupt.pha.dk\/wp-content\/uploads\/2023\/04\/FIVU__analysemodel__marts_2015_oprindelige_model__Kompatibilitetstilstand_.png\" class=\"attachment-large size-large wp-image-413\" alt=\"\" srcset=\"https:\/\/nububupt.pha.dk\/wp-content\/uploads\/2023\/04\/FIVU__analysemodel__marts_2015_oprindelige_model__Kompatibilitetstilstand_.png 830w, https:\/\/nububupt.pha.dk\/wp-content\/uploads\/2023\/04\/FIVU__analysemodel__marts_2015_oprindelige_model__Kompatibilitetstilstand_-300x252.png 300w, https:\/\/nububupt.pha.dk\/wp-content\/uploads\/2023\/04\/FIVU__analysemodel__marts_2015_oprindelige_model__Kompatibilitetstilstand_-768x645.png 768w\" sizes=\"auto, (max-width: 830px) 100vw, 830px\" \/>\t\t\t\t\t\t\t\t\t\t\t\t\t\t\t<\/div>\n\t\t\t\t<\/div>\n\t\t\t\t\t<\/div>\n\t\t<\/div>\n\t\t\t\t\t\t\t<\/div>\n\t\t<\/section>\n\t\t\t\t\t\t\t<\/div>\n\t\t","protected":false},"excerpt":{"rendered":"<p>Analysemodel Her er en enkel cirkul\u00e6r model, som kan anvendes af studerende som afs\u00e6t for at analysere den enkelte case. Analysemodellen er udarbejdet med inspiration&hellip;<\/p>\n","protected":false},"author":1,"featured_media":0,"parent":0,"menu_order":0,"comment_status":"closed","ping_status":"closed","template":"","meta":{"footnotes":""},"class_list":["post-113","page","type-page","status-publish","hentry"],"_links":{"self":[{"href":"https:\/\/nububupt.pha.dk\/index.php?rest_route=\/wp\/v2\/pages\/113","targetHints":{"allow":["GET"]}}],"collection":[{"href":"https:\/\/nububupt.pha.dk\/index.php?rest_route=\/wp\/v2\/pages"}],"about":[{"href":"https:\/\/nububupt.pha.dk\/index.php?rest_route=\/wp\/v2\/types\/page"}],"author":[{"embeddable":true,"href":"https:\/\/nububupt.pha.dk\/index.php?rest_route=\/wp\/v2\/users\/1"}],"replies":[{"embeddable":true,"href":"https:\/\/nububupt.pha.dk\/index.php?rest_route=%2Fwp%2Fv2%2Fcomments&post=113"}],"version-history":[{"count":4,"href":"https:\/\/nububupt.pha.dk\/index.php?rest_route=\/wp\/v2\/pages\/113\/revisions"}],"predecessor-version":[{"id":416,"href":"https:\/\/nububupt.pha.dk\/index.php?rest_route=\/wp\/v2\/pages\/113\/revisions\/416"}],"wp:attachment":[{"href":"https:\/\/nububupt.pha.dk\/index.php?rest_route=%2Fwp%2Fv2%2Fmedia&parent=113"}],"curies":[{"name":"wp","href":"https:\/\/api.w.org\/{rel}","templated":true}]}}