{"id":117,"date":"2023-04-03T10:53:45","date_gmt":"2023-04-03T10:53:45","guid":{"rendered":"https:\/\/nububupt.pha.dk\/?page_id=117"},"modified":"2023-04-04T08:06:33","modified_gmt":"2023-04-04T08:06:33","slug":"systematisk-analysemodel","status":"publish","type":"page","link":"https:\/\/nububupt.pha.dk\/?page_id=117","title":{"rendered":"Systematisk analysemodel"},"content":{"rendered":"\t\t<div data-elementor-type=\"wp-page\" data-elementor-id=\"117\" class=\"elementor elementor-117\">\n\t\t\t\t\t\t\t\t\t<section class=\"elementor-section elementor-top-section elementor-element elementor-element-6e6dd2d elementor-section-boxed elementor-section-height-default elementor-section-height-default\" data-id=\"6e6dd2d\" data-element_type=\"section\">\n\t\t\t\t\t\t<div class=\"elementor-container elementor-column-gap-default\">\n\t\t\t\t\t<div class=\"elementor-column elementor-col-100 elementor-top-column elementor-element elementor-element-96b0143\" data-id=\"96b0143\" data-element_type=\"column\">\n\t\t\t<div class=\"elementor-widget-wrap elementor-element-populated\">\n\t\t\t\t\t\t\t\t<div class=\"elementor-element elementor-element-8484c83 elementor-widget elementor-widget-text-editor\" data-id=\"8484c83\" data-element_type=\"widget\" data-widget_type=\"text-editor.default\">\n\t\t\t\t<div class=\"elementor-widget-container\">\n\t\t\t<style>\/*! elementor - v3.12.1 - 02-04-2023 *\/\n.elementor-widget-text-editor.elementor-drop-cap-view-stacked .elementor-drop-cap{background-color:#69727d;color:#fff}.elementor-widget-text-editor.elementor-drop-cap-view-framed .elementor-drop-cap{color:#69727d;border:3px solid;background-color:transparent}.elementor-widget-text-editor:not(.elementor-drop-cap-view-default) .elementor-drop-cap{margin-top:8px}.elementor-widget-text-editor:not(.elementor-drop-cap-view-default) .elementor-drop-cap-letter{width:1em;height:1em}.elementor-widget-text-editor .elementor-drop-cap{float:left;text-align:center;line-height:1;font-size:50px}.elementor-widget-text-editor .elementor-drop-cap-letter{display:inline-block}<\/style>\t\t\t\t<p><strong>En model til systematisk analyse, refleksion og handling i det tv\u00e6rprofessionelle arbejde<\/strong><\/p><p>Hensigten med modellen er kritisk analyse og udvikling af det tv\u00e6rprofessionelle arbejde. Modellen skal sikre at de studerende kommer frem til kernen i den aktuelle problemstilling ved at stille centrale sp\u00f8rgsm\u00e5l i arbejdet med casen. Det er en systemisk model, hvilket betyder at alle elementerne er betydningsfulde og st\u00e5r i relation til hinanden, og at hvis der \u00e6ndres i en kategori, p\u00e5virker det de \u00f8vrige kategorier. Kategorierne og begreberne er dog ikke endelige og absolutte, men m\u00e5 vurderes i et overordnet tv\u00e6rprofessionelt udviklingsperspektiv og i relation til den konkrete problemstilling og kontekst.<\/p><p>Modellen er desuden dynamisk, hvilket betyder, at man kan tage fat i kategorierne i vilk\u00e5rlig r\u00e6kkef\u00f8lge. Essensen er dog at alle kategorier skal gennemt\u00e6nkes i det tv\u00e6rprofessionelle arbejde b\u00e5de i planl\u00e6gnings-, handlings- og evalueringsfasen, og at kategorien barnet\/den unge skal fremh\u00e6ves som den centrale kategori, idet det tv\u00e6rprofessionelle arbejde tager udgangspunkt i barnets\/den unges deltagelses- og udviklingsmuligheder.<\/p>\t\t\t\t\t\t<\/div>\n\t\t\t\t<\/div>\n\t\t\t\t<div class=\"elementor-element elementor-element-c8f7074 elementor-widget elementor-widget-image\" data-id=\"c8f7074\" data-element_type=\"widget\" data-widget_type=\"image.default\">\n\t\t\t\t<div class=\"elementor-widget-container\">\n\t\t\t<style>\/*! elementor - v3.12.1 - 02-04-2023 *\/\n.elementor-widget-image{text-align:center}.elementor-widget-image a{display:inline-block}.elementor-widget-image a img[src$=\".svg\"]{width:48px}.elementor-widget-image img{vertical-align:middle;display:inline-block}<\/style>\t\t\t\t\t\t\t\t\t\t\t\t<img loading=\"lazy\" decoding=\"async\" width=\"450\" height=\"420\" src=\"https:\/\/nububupt.pha.dk\/wp-content\/uploads\/2023\/04\/2015-01-15_14-03-351-450x420-1.png\" class=\"attachment-large size-large wp-image-421\" alt=\"\" srcset=\"https:\/\/nububupt.pha.dk\/wp-content\/uploads\/2023\/04\/2015-01-15_14-03-351-450x420-1.png 450w, https:\/\/nububupt.pha.dk\/wp-content\/uploads\/2023\/04\/2015-01-15_14-03-351-450x420-1-300x280.png 300w\" sizes=\"auto, (max-width: 450px) 100vw, 450px\" \/>\t\t\t\t\t\t\t\t\t\t\t\t\t\t\t<\/div>\n\t\t\t\t<\/div>\n\t\t\t\t\t<\/div>\n\t\t<\/div>\n\t\t\t\t\t\t\t<\/div>\n\t\t<\/section>\n\t\t\t\t\t\t\t<\/div>\n\t\t","protected":false},"excerpt":{"rendered":"<p>En model til systematisk analyse, refleksion og handling i det tv\u00e6rprofessionelle arbejde Hensigten med modellen er kritisk analyse og udvikling af det tv\u00e6rprofessionelle arbejde. Modellen&hellip;<\/p>\n","protected":false},"author":1,"featured_media":0,"parent":0,"menu_order":0,"comment_status":"closed","ping_status":"closed","template":"","meta":{"footnotes":""},"class_list":["post-117","page","type-page","status-publish","hentry"],"_links":{"self":[{"href":"https:\/\/nububupt.pha.dk\/index.php?rest_route=\/wp\/v2\/pages\/117","targetHints":{"allow":["GET"]}}],"collection":[{"href":"https:\/\/nububupt.pha.dk\/index.php?rest_route=\/wp\/v2\/pages"}],"about":[{"href":"https:\/\/nububupt.pha.dk\/index.php?rest_route=\/wp\/v2\/types\/page"}],"author":[{"embeddable":true,"href":"https:\/\/nububupt.pha.dk\/index.php?rest_route=\/wp\/v2\/users\/1"}],"replies":[{"embeddable":true,"href":"https:\/\/nububupt.pha.dk\/index.php?rest_route=%2Fwp%2Fv2%2Fcomments&post=117"}],"version-history":[{"count":4,"href":"https:\/\/nububupt.pha.dk\/index.php?rest_route=\/wp\/v2\/pages\/117\/revisions"}],"predecessor-version":[{"id":424,"href":"https:\/\/nububupt.pha.dk\/index.php?rest_route=\/wp\/v2\/pages\/117\/revisions\/424"}],"wp:attachment":[{"href":"https:\/\/nububupt.pha.dk\/index.php?rest_route=%2Fwp%2Fv2%2Fmedia&parent=117"}],"curies":[{"name":"wp","href":"https:\/\/api.w.org\/{rel}","templated":true}]}}