{"id":119,"date":"2023-04-03T10:54:02","date_gmt":"2023-04-03T10:54:02","guid":{"rendered":"https:\/\/nububupt.pha.dk\/?page_id=119"},"modified":"2023-04-04T08:26:17","modified_gmt":"2023-04-04T08:26:17","slug":"malfastsaettelse","status":"publish","type":"page","link":"https:\/\/nububupt.pha.dk\/?page_id=119","title":{"rendered":"M\u00e5lfasts\u00e6ttelse"},"content":{"rendered":"\t\t<div data-elementor-type=\"wp-page\" data-elementor-id=\"119\" class=\"elementor elementor-119\">\n\t\t\t\t\t\t\t\t\t<section class=\"elementor-section elementor-top-section elementor-element elementor-element-5ec05d2 elementor-section-boxed elementor-section-height-default elementor-section-height-default\" data-id=\"5ec05d2\" data-element_type=\"section\">\n\t\t\t\t\t\t<div class=\"elementor-container elementor-column-gap-default\">\n\t\t\t\t\t<div class=\"elementor-column elementor-col-100 elementor-top-column elementor-element elementor-element-fc0df6f\" data-id=\"fc0df6f\" data-element_type=\"column\">\n\t\t\t<div class=\"elementor-widget-wrap elementor-element-populated\">\n\t\t\t\t\t\t\t\t<div class=\"elementor-element elementor-element-5b68ce9 elementor-widget elementor-widget-heading\" data-id=\"5b68ce9\" data-element_type=\"widget\" data-widget_type=\"heading.default\">\n\t\t\t\t<div class=\"elementor-widget-container\">\n\t\t\t<style>\/*! elementor - v3.12.1 - 02-04-2023 *\/\n.elementor-heading-title{padding:0;margin:0;line-height:1}.elementor-widget-heading .elementor-heading-title[class*=elementor-size-]>a{color:inherit;font-size:inherit;line-height:inherit}.elementor-widget-heading .elementor-heading-title.elementor-size-small{font-size:15px}.elementor-widget-heading .elementor-heading-title.elementor-size-medium{font-size:19px}.elementor-widget-heading .elementor-heading-title.elementor-size-large{font-size:29px}.elementor-widget-heading .elementor-heading-title.elementor-size-xl{font-size:39px}.elementor-widget-heading .elementor-heading-title.elementor-size-xxl{font-size:59px}<\/style><h3 class=\"elementor-heading-title elementor-size-default\">Form\u00e5l og m\u00e5l i det tv\u00e6rprofessionelle arbejde<\/h3>\t\t<\/div>\n\t\t\t\t<\/div>\n\t\t\t\t\t<\/div>\n\t\t<\/div>\n\t\t\t\t\t\t\t<\/div>\n\t\t<\/section>\n\t\t\t\t<section class=\"elementor-section elementor-top-section elementor-element elementor-element-6a0d0ef elementor-section-boxed elementor-section-height-default elementor-section-height-default\" data-id=\"6a0d0ef\" data-element_type=\"section\">\n\t\t\t\t\t\t<div class=\"elementor-container elementor-column-gap-default\">\n\t\t\t\t\t<div class=\"elementor-column elementor-col-100 elementor-top-column elementor-element elementor-element-570000e\" data-id=\"570000e\" data-element_type=\"column\">\n\t\t\t<div class=\"elementor-widget-wrap elementor-element-populated\">\n\t\t\t\t\t\t\t\t<div class=\"elementor-element elementor-element-d68ac3c elementor-widget elementor-widget-text-editor\" data-id=\"d68ac3c\" data-element_type=\"widget\" data-widget_type=\"text-editor.default\">\n\t\t\t\t<div class=\"elementor-widget-container\">\n\t\t\t<style>\/*! elementor - v3.12.1 - 02-04-2023 *\/\n.elementor-widget-text-editor.elementor-drop-cap-view-stacked .elementor-drop-cap{background-color:#69727d;color:#fff}.elementor-widget-text-editor.elementor-drop-cap-view-framed .elementor-drop-cap{color:#69727d;border:3px solid;background-color:transparent}.elementor-widget-text-editor:not(.elementor-drop-cap-view-default) .elementor-drop-cap{margin-top:8px}.elementor-widget-text-editor:not(.elementor-drop-cap-view-default) .elementor-drop-cap-letter{width:1em;height:1em}.elementor-widget-text-editor .elementor-drop-cap{float:left;text-align:center;line-height:1;font-size:50px}.elementor-widget-text-editor .elementor-drop-cap-letter{display:inline-block}<\/style>\t\t\t\t<p>I arbejdet med den konkrete problemstilling er det vigtigt, at studerende\/professionelle g\u00f8r sig overvejelser over, hvad m\u00e5let med det tv\u00e6rprofessionelle arbejde egentlig er. M\u00e5lovervejelser kan b\u00e5de knytte an til det overordnede form\u00e5l med samarbejdet, og til det\/de specifikke m\u00e5l, der arbejdes hen imod i en konkret sag.<\/p><p>Med begrebet form\u00e5l henvises der til de samfundsm\u00e6ssigt perspektiver, som det tv\u00e6rprofessionelle samarbejde har. H\u00f8jholdt (2013) peger p\u00e5 tre perspektiver, der knytter sig til henholdsvis et innovations-, et effektiviserings- og et borgerargument. Disse tre argumenter f\u00e5r p\u00e5 forskellig vis betydning for praksis. Derfor er det vigtigt, at man som fagperson kan forholde sig kritisk-konstruktivt til b\u00e5de den mono- og tv\u00e6rprofessionelle professionsud\u00f8velse. At forhold sig kritisk henviser her til n\u00f8dvendigheden af, at de professionelle har en distanceret og reflekteret tilgang til den faglige forforst\u00e5else og dens eventuelle begr\u00e6nsninger, mens konstruktiv henviser til, hvordan de faglige udgangspunkter kan g\u00f8res frugtbare for en konkret og eventuelt \u00e6ndret praksis.<\/p><p>Med begrebet m\u00e5l henvises der til det eller de specifikke m\u00e5l, der arbejdes hen imod i en konkret sag. I arbejdet med at opstille m\u00e5l kan der tages udgangspunkt i s\u00e5kaldte SMARTE m\u00e5l. I den \u201dsmarte\u201d proces sorteres og konkretiseres m\u00e5lene for forl\u00f8bet, s\u00e5 det bliver attraktivt og acceptabelt b\u00e5de i forhold til barnet og i forhold til den kontekst og de relationer, barnet indg\u00e5r i. Processen kr\u00e6ver kyndighed i at stille sp\u00f8rgsm\u00e5l, lytte og kommunikere svar, der ikke drejer sig om, hvad vi synes eller tror, der er rigtig eller forkert, eller har egen faglighed som udgangspunkt. I processen er det tv\u00e6rtimod vigtigt hele tiden at fastholde barnets muligheder og perspektiv. Ordsammens\u00e6tningen SMART er en forkortelse for Specifikt \u2013 M\u00e5lbart \u2013 Attraktivt \u2013 Realistisk \u2013 Tidsbestemt. Her tilf\u00f8jes E for Evaluering for allerede ved m\u00e5lfasts\u00e6ttelsen at medt\u00e6nke evalueringen.<\/p>\t\t\t\t\t\t<\/div>\n\t\t\t\t<\/div>\n\t\t\t\t\t<\/div>\n\t\t<\/div>\n\t\t\t\t\t\t\t<\/div>\n\t\t<\/section>\n\t\t\t\t<section class=\"elementor-section elementor-top-section elementor-element elementor-element-3794e2a elementor-section-boxed elementor-section-height-default elementor-section-height-default\" data-id=\"3794e2a\" data-element_type=\"section\">\n\t\t\t\t\t\t<div class=\"elementor-container elementor-column-gap-default\">\n\t\t\t\t\t<div class=\"elementor-column elementor-col-100 elementor-top-column elementor-element elementor-element-a8fd525\" data-id=\"a8fd525\" data-element_type=\"column\">\n\t\t\t<div class=\"elementor-widget-wrap elementor-element-populated\">\n\t\t\t\t\t\t\t\t<div class=\"elementor-element elementor-element-59fe5a4 elementor-widget elementor-widget-heading\" data-id=\"59fe5a4\" data-element_type=\"widget\" data-widget_type=\"heading.default\">\n\t\t\t\t<div class=\"elementor-widget-container\">\n\t\t\t<h4 class=\"elementor-heading-title elementor-size-default\">M\u00e5lfasts\u00e6ttelse ved hj\u00e6lp af den SMARTE model ser s\u00e5ledes ud<\/h4>\t\t<\/div>\n\t\t\t\t<\/div>\n\t\t\t\t\t<\/div>\n\t\t<\/div>\n\t\t\t\t\t\t\t<\/div>\n\t\t<\/section>\n\t\t\t\t<section class=\"elementor-section elementor-top-section elementor-element elementor-element-792d1f4 elementor-section-boxed elementor-section-height-default elementor-section-height-default\" data-id=\"792d1f4\" data-element_type=\"section\">\n\t\t\t\t\t\t<div class=\"elementor-container elementor-column-gap-default\">\n\t\t\t\t\t<div class=\"elementor-column elementor-col-100 elementor-top-column elementor-element elementor-element-5ba50f4\" data-id=\"5ba50f4\" data-element_type=\"column\">\n\t\t\t<div class=\"elementor-widget-wrap elementor-element-populated\">\n\t\t\t\t\t\t\t\t<div class=\"elementor-element elementor-element-cd8a311 elementor-widget elementor-widget-text-editor\" data-id=\"cd8a311\" data-element_type=\"widget\" data-widget_type=\"text-editor.default\">\n\t\t\t\t<div class=\"elementor-widget-container\">\n\t\t\t\t\t\t\t<blockquote><p><strong>S<\/strong>pecifikt: Hvad er m\u00e5let helt pr\u00e6cist? V\u00e6r s\u00e5 konkret og pr\u00e6cis som muligt.<\/p><p><strong>M<\/strong>\u00e5lbart: Hvordan ser det ud i et fremtidsperspektiv n\u00e5r m\u00e5let er n\u00e5et? Resultatet af indsatsen skal kunne registreres i evalueringen.<\/p><p><strong>A<\/strong>ttraktivt: Hvorfor er m\u00e5let attraktivt og motiverende for barnet og de \u00f8vrige involverede akt\u00f8rer? Man kan ogs\u00e5 sp\u00f8rge om det er Accepteret og tilpas Ambiti\u00f8st, dvs. er det vigtigt, relevant og fornuftigt?<\/p><p><strong>R<\/strong>ealistisk: Hvorfor er m\u00e5let realistisk (ikke for sv\u00e6rt\/ikke for let, motiverende og accepteret). Kan m\u00e5let reelt realiseres?<\/p><p><strong>T<\/strong>idsbestemt: Hvorn\u00e5r skal m\u00e5let v\u00e6re n\u00e5et? Hvor meget tid skal der bruges, og hvem skal bruge tid for at indfri m\u00e5let?<\/p><p><strong>E<\/strong>valuering: Hvordan og hvorn\u00e5r skal m\u00e5let evalueres? Skal og kan der evt. justeres undervejs, og hvilke tegn (kriterier) er der p\u00e5 at m\u00e5let er n\u00e5et?<\/p><\/blockquote><p><em>H\u00f8jholdt, Andy (2013): Tv\u00e6rprofessionelt samarbejde i teori og praksis, Hans Reitzels Forlag\u00a0<\/em><\/p>\t\t\t\t\t\t<\/div>\n\t\t\t\t<\/div>\n\t\t\t\t\t<\/div>\n\t\t<\/div>\n\t\t\t\t\t\t\t<\/div>\n\t\t<\/section>\n\t\t\t\t\t\t\t<\/div>\n\t\t","protected":false},"excerpt":{"rendered":"<p>Form\u00e5l og m\u00e5l i det tv\u00e6rprofessionelle arbejde I arbejdet med den konkrete problemstilling er det vigtigt, at studerende\/professionelle g\u00f8r sig overvejelser over, hvad m\u00e5let med&hellip;<\/p>\n","protected":false},"author":1,"featured_media":0,"parent":0,"menu_order":0,"comment_status":"closed","ping_status":"closed","template":"","meta":{"footnotes":""},"class_list":["post-119","page","type-page","status-publish","hentry"],"_links":{"self":[{"href":"https:\/\/nububupt.pha.dk\/index.php?rest_route=\/wp\/v2\/pages\/119","targetHints":{"allow":["GET"]}}],"collection":[{"href":"https:\/\/nububupt.pha.dk\/index.php?rest_route=\/wp\/v2\/pages"}],"about":[{"href":"https:\/\/nububupt.pha.dk\/index.php?rest_route=\/wp\/v2\/types\/page"}],"author":[{"embeddable":true,"href":"https:\/\/nububupt.pha.dk\/index.php?rest_route=\/wp\/v2\/users\/1"}],"replies":[{"embeddable":true,"href":"https:\/\/nububupt.pha.dk\/index.php?rest_route=%2Fwp%2Fv2%2Fcomments&post=119"}],"version-history":[{"count":4,"href":"https:\/\/nububupt.pha.dk\/index.php?rest_route=\/wp\/v2\/pages\/119\/revisions"}],"predecessor-version":[{"id":427,"href":"https:\/\/nububupt.pha.dk\/index.php?rest_route=\/wp\/v2\/pages\/119\/revisions\/427"}],"wp:attachment":[{"href":"https:\/\/nububupt.pha.dk\/index.php?rest_route=%2Fwp%2Fv2%2Fmedia&parent=119"}],"curies":[{"name":"wp","href":"https:\/\/api.w.org\/{rel}","templated":true}]}}