{"id":125,"date":"2023-04-03T10:54:37","date_gmt":"2023-04-03T10:54:37","guid":{"rendered":"https:\/\/nububupt.pha.dk\/?page_id=125"},"modified":"2023-04-04T08:45:18","modified_gmt":"2023-04-04T08:45:18","slug":"forumteater","status":"publish","type":"page","link":"https:\/\/nububupt.pha.dk\/?page_id=125","title":{"rendered":"Forumteater"},"content":{"rendered":"\t\t<div data-elementor-type=\"wp-page\" data-elementor-id=\"125\" class=\"elementor elementor-125\">\n\t\t\t\t\t\t\t\t\t<section class=\"elementor-section elementor-top-section elementor-element elementor-element-36beba5 elementor-section-boxed elementor-section-height-default elementor-section-height-default\" data-id=\"36beba5\" data-element_type=\"section\">\n\t\t\t\t\t\t<div class=\"elementor-container elementor-column-gap-default\">\n\t\t\t\t\t<div class=\"elementor-column elementor-col-100 elementor-top-column elementor-element elementor-element-c32cc7e\" data-id=\"c32cc7e\" data-element_type=\"column\">\n\t\t\t<div class=\"elementor-widget-wrap elementor-element-populated\">\n\t\t\t\t\t\t\t\t<div class=\"elementor-element elementor-element-540fcd6 elementor-widget elementor-widget-heading\" data-id=\"540fcd6\" data-element_type=\"widget\" data-widget_type=\"heading.default\">\n\t\t\t\t<div class=\"elementor-widget-container\">\n\t\t\t<style>\/*! elementor - v3.12.1 - 02-04-2023 *\/\n.elementor-heading-title{padding:0;margin:0;line-height:1}.elementor-widget-heading .elementor-heading-title[class*=elementor-size-]>a{color:inherit;font-size:inherit;line-height:inherit}.elementor-widget-heading .elementor-heading-title.elementor-size-small{font-size:15px}.elementor-widget-heading .elementor-heading-title.elementor-size-medium{font-size:19px}.elementor-widget-heading .elementor-heading-title.elementor-size-large{font-size:29px}.elementor-widget-heading .elementor-heading-title.elementor-size-xl{font-size:39px}.elementor-widget-heading .elementor-heading-title.elementor-size-xxl{font-size:59px}<\/style><h3 class=\"elementor-heading-title elementor-size-default\">Forumteater<\/h3>\t\t<\/div>\n\t\t\t\t<\/div>\n\t\t\t\t<div class=\"elementor-element elementor-element-d2bee97 elementor-widget elementor-widget-text-editor\" data-id=\"d2bee97\" data-element_type=\"widget\" data-widget_type=\"text-editor.default\">\n\t\t\t\t<div class=\"elementor-widget-container\">\n\t\t\t<style>\/*! elementor - v3.12.1 - 02-04-2023 *\/\n.elementor-widget-text-editor.elementor-drop-cap-view-stacked .elementor-drop-cap{background-color:#69727d;color:#fff}.elementor-widget-text-editor.elementor-drop-cap-view-framed .elementor-drop-cap{color:#69727d;border:3px solid;background-color:transparent}.elementor-widget-text-editor:not(.elementor-drop-cap-view-default) .elementor-drop-cap{margin-top:8px}.elementor-widget-text-editor:not(.elementor-drop-cap-view-default) .elementor-drop-cap-letter{width:1em;height:1em}.elementor-widget-text-editor .elementor-drop-cap{float:left;text-align:center;line-height:1;font-size:50px}.elementor-widget-text-editor .elementor-drop-cap-letter{display:inline-block}<\/style>\t\t\t\t<p>Forumteater er en interaktiv teaterform hvor skuespillere viser et teaterstykke over en situation som er problematisk, dilemmatisk, kritisk eller konfliktuel, og hvor publikum undervejs f\u00e5r mulighed for aktivt at deltage i spillet og \u00e6ndre spillets udfald.<\/p><p>Navnet \u201dforumteater\u201d kommer fra det latinske ord: forum. Forum betyder \u201dtorv\u201d, \u201dm\u00f8dested\u201d, \u201dsted for udveksling af meninger\u201d og \u201dcentrum for politisk magt\u201d.<\/p><p>Den brasilianske teaterinstrukt\u00f8r og p\u00e6dagog Augusto Boal er ophavsmand til forumteater, som er udviklet i 1960\u00b4erne. For Augusto Boal var det afg\u00f8rende at oph\u00e6ve den \u201dusynlige\u201d mur mellem skuespillere og publikum ved at \u00e5bne for at publikum er med til at bestemme handlingerne og dermed ogs\u00e5 resultatet af den situation\/begivenhed der er i fokus.<\/p><p>N\u00e5r skuespillere spiller teaterstykket og n\u00e5r frem til et kritisk\/konfliktfyldt punkt, griber den person der er forumteaterinstrukt\u00f8r ind og siger stop. P\u00e5g\u00e6ldende inviterer nu publikum til at komme med refleksioner over, tanker om og l\u00f8sningsforslag til andre handlinger i teaterstykket. Publikum kan enten foresl\u00e5 \u00e9n eller flere af skuespillerne at spille p\u00e5 en anden m\u00e5de \u2013 g\u00f8re og sige noget andet end p\u00e5g\u00e6ldende gjorde \u2013 eller publikum kan selv g\u00e5 ind og spille i stedet for \u00e9n eller flere af de skuespillere som spillede i f\u00f8rste omgang. \u00a0Hele skuespillertruppen kan udskiftes af publikum.<\/p>\t\t\t\t\t\t<\/div>\n\t\t\t\t<\/div>\n\t\t\t\t\t<\/div>\n\t\t<\/div>\n\t\t\t\t\t\t\t<\/div>\n\t\t<\/section>\n\t\t\t\t<section class=\"elementor-section elementor-top-section elementor-element elementor-element-af20f15 elementor-section-boxed elementor-section-height-default elementor-section-height-default\" data-id=\"af20f15\" data-element_type=\"section\">\n\t\t\t\t\t\t<div class=\"elementor-container elementor-column-gap-default\">\n\t\t\t\t\t<div class=\"elementor-column elementor-col-100 elementor-top-column elementor-element elementor-element-abfbf7a\" data-id=\"abfbf7a\" data-element_type=\"column\">\n\t\t\t<div class=\"elementor-widget-wrap elementor-element-populated\">\n\t\t\t\t\t\t\t\t<div class=\"elementor-element elementor-element-9d13773 elementor-widget elementor-widget-heading\" data-id=\"9d13773\" data-element_type=\"widget\" data-widget_type=\"heading.default\">\n\t\t\t\t<div class=\"elementor-widget-container\">\n\t\t\t<h4 class=\"elementor-heading-title elementor-size-default\">Forumteaterets elementer<\/h4>\t\t<\/div>\n\t\t\t\t<\/div>\n\t\t\t\t<div class=\"elementor-element elementor-element-0266246 elementor-widget elementor-widget-text-editor\" data-id=\"0266246\" data-element_type=\"widget\" data-widget_type=\"text-editor.default\">\n\t\t\t\t<div class=\"elementor-widget-container\">\n\t\t\t\t\t\t\t<p>Forumteater er en central didaktisk metode i forhold til udvikling af studerendes d\u00f8mmekraft. \u201dDet er en form og en undervisningsform, hvor hverken proces eller l\u00e6ringsresultat er givet p\u00e5 forh\u00e5nd. Og det er en arbejdsform, hvor det er op til den enkelte at deltage aktivt p\u00e5 baggrund af viden og erfaringer koblet med refleksion og d\u00f8mmekraft. Det er samtidig en arbejdsfor, som udg\u00f8r en som-om-situation, som ikke s\u00e6tter andre mennesker i en fors\u00f8gs-kanin-position, og vi anser derfor formen for at rumme et etisk potentiale, som g\u00f8r den velegnet i en l\u00e6reproces.\u201d (Skjeldmose og N\u00f8rgaard, 2014).<\/p><p>Der kan designes forumteaterstykker med udgangspunkt i hjemmesidens autentiske casemateriale. Alle casene rummer kritiske begivenheder, konflikter, dilemmaer og\/eller problematiske samarbejdsrelationer mellem professionelle og mellem professionelle og b\u00f8rn, unge, for\u00e6ldre og plejefor\u00e6ldre. Casene er forskellige i forhold til hvilke professioner der indg\u00e5r i casene. Derfor er valget af konkret case til forumteater afh\u00e6ngig af:<\/p><p>den sammenh\u00e6ng casen skal bruges i,<br \/>de forskellige professionsstuderende der deltager, og<br \/>den kritiske begivenhed, den konflikt, det dilemma og\/eller de problematiske samarbejdsrelationer som is\u00e6r vurderes som betydningsfulde i processen med udvikling af professionel d\u00f8mmekraft.<br \/>P\u00e5 hjemmesiden kan I finde et eksempel p\u00e5 forumteater med afs\u00e6t i casen om Magnus. I casen indg\u00e5r en sygeplejerske, en socialr\u00e5dgiver, en familiekonsulent og en ung mor.<\/p>\t\t\t\t\t\t<\/div>\n\t\t\t\t<\/div>\n\t\t\t\t\t<\/div>\n\t\t<\/div>\n\t\t\t\t\t\t\t<\/div>\n\t\t<\/section>\n\t\t\t\t<section class=\"elementor-section elementor-top-section elementor-element elementor-element-14c9537 elementor-section-boxed elementor-section-height-default elementor-section-height-default\" data-id=\"14c9537\" data-element_type=\"section\">\n\t\t\t\t\t\t<div class=\"elementor-container elementor-column-gap-default\">\n\t\t\t\t\t<div class=\"elementor-column elementor-col-100 elementor-top-column elementor-element elementor-element-8a08726\" data-id=\"8a08726\" data-element_type=\"column\">\n\t\t\t<div class=\"elementor-widget-wrap elementor-element-populated\">\n\t\t\t\t\t\t\t\t<div class=\"elementor-element elementor-element-748d69d elementor-widget elementor-widget-heading\" data-id=\"748d69d\" data-element_type=\"widget\" data-widget_type=\"heading.default\">\n\t\t\t\t<div class=\"elementor-widget-container\">\n\t\t\t<h4 class=\"elementor-heading-title elementor-size-default\">Forumteaterets faser<\/h4>\t\t<\/div>\n\t\t\t\t<\/div>\n\t\t\t\t<div class=\"elementor-element elementor-element-8d0b24e elementor-widget elementor-widget-text-editor\" data-id=\"8d0b24e\" data-element_type=\"widget\" data-widget_type=\"text-editor.default\">\n\t\t\t\t<div class=\"elementor-widget-container\">\n\t\t\t\t\t\t\t<p>Der konstrueres et tematisk grundspil p\u00e5 baggrund af en case. Grundspillet kan konstrueres dels af underviserne, dels i et samarbejde mellem underviserne og nogle af de studerende eller dels af de studerende.<\/p><p>De studerende l\u00e6ser den case underviserne har valgt ud til forumteateret.<\/p><p>Underviserne spiller grundspillet med de studerende som publikum. P\u00e5 et tidspunkt griber den underviser der er valgt som forumteaterinstrukt\u00f8r ind, siger stop og spillet stopper.<\/p><p>Forumteaterinstrukt\u00f8ren inviterer nu de studerende til at reflektere over, g\u00f8re sig tanker om og komme med l\u00f8sningsforslag til hvordan processen kan forl\u00f8be p\u00e5 en anden m\u00e5de end den m\u00e5de som spillet er blevet spillet p\u00e5 i f\u00f8rste omgang. De studerende inviteres til at komme med l\u00f8sningsforslag til hvordan en enkelt eller flere af underviserne skal handle, eller de kan selv overtage underviserens rolle\/undervisernes roller i spillet. N\u00e5r der er enighed om at afpr\u00f8ve spillet p\u00e5 en anden m\u00e5de, spilles spillet igen.<\/p><p>Forumteater kan spilles adskillige gange og med flere\/mange studerende p\u00e5 scenen indtil teaterstykket gennemf\u00f8res og afsluttes p\u00e5 en m\u00e5de som de studerende finder relevant og fyldestg\u00f8rende.<br \/>Foruminstrukt\u00f8ren hj\u00e6lper de studerende med at \u00e6ndre p\u00e5 teaterstykkets forl\u00f8b i den retning som de studerende \u00f8nsker. Samtidig f\u00e5r de studerende adgang til at reflektere over mulige \u00e5rsager til vanskelighederne og komme med tanker om og l\u00f8sningsforslag til hvad der vil v\u00e6re hensigtsm\u00e6ssige og relevante handlinger i forhold til at \u00e6ndre p\u00e5 grundspillets indhold og proces.<\/p><p>Forumteater giver p\u00e5 denne m\u00e5de muligheder for at afpr\u00f8ve forskellige l\u00f8sningsmodeller, indtage forskellige positioner og skifte perspektiver. Samtidig \u00e5bner forumteater for udvikling af professionel d\u00f8mmekraft gennem aktiv deltagelse og de studerendes brug af faglig viden, praksiserfaringer og refleksion. If\u00f8lge Skjeldmose og N\u00f8rgaard er det s\u00e6rligt v\u00e6rdifulde ved forumteater at man f\u00e5r \u201d..lejlighed til at afpr\u00f8ve forskellige alternative replikker og handlinger, og ens medspillere og tilskuere kan v\u00e6re dem der kommer med de forl\u00f8sende ord og ideer. Forestillingen kan afsluttes med en diskussion, hvor forskellige udfald af spillet perspektiveres og diskuteres.\u201d (Skjeldmose og N\u00f8rgaard, 2014)<\/p>\t\t\t\t\t\t<\/div>\n\t\t\t\t<\/div>\n\t\t\t\t\t<\/div>\n\t\t<\/div>\n\t\t\t\t\t\t\t<\/div>\n\t\t<\/section>\n\t\t\t\t<section class=\"elementor-section elementor-top-section elementor-element elementor-element-960139f elementor-section-boxed elementor-section-height-default elementor-section-height-default\" data-id=\"960139f\" data-element_type=\"section\">\n\t\t\t\t\t\t<div class=\"elementor-container elementor-column-gap-default\">\n\t\t\t\t\t<div class=\"elementor-column elementor-col-100 elementor-top-column elementor-element elementor-element-cb853d7\" data-id=\"cb853d7\" data-element_type=\"column\">\n\t\t\t<div class=\"elementor-widget-wrap elementor-element-populated\">\n\t\t\t\t\t\t\t\t<div class=\"elementor-element elementor-element-0b6306a elementor-widget elementor-widget-heading\" data-id=\"0b6306a\" data-element_type=\"widget\" data-widget_type=\"heading.default\">\n\t\t\t\t<div class=\"elementor-widget-container\">\n\t\t\t<h2 class=\"elementor-heading-title elementor-size-default\">Reference<\/h2>\t\t<\/div>\n\t\t\t\t<\/div>\n\t\t\t\t<div class=\"elementor-element elementor-element-3a5e27f elementor-widget elementor-widget-text-editor\" data-id=\"3a5e27f\" data-element_type=\"widget\" data-widget_type=\"text-editor.default\">\n\t\t\t\t<div class=\"elementor-widget-container\">\n\t\t\t\t\t\t\t<p>Boal, Augusto, 1979, \u201dFor et frig\u00f8rende teater\u201d, Forlaget Drama<\/p><p>Boal, Augusto, 1985, \u201dStop! Det er magisk\u201d, Forlaget Drama<\/p><p>Boal, Augusto, 1995, \u201dSpil! \u2013 \u00f8velser og lege for skuespillere og medspillere\u201d, Forlaget Drama<\/p><p>Skjeldmose, Lise Ovesen og Britta N\u00f8rgaard, 2014, \u201dD\u00f8mmekraft, didaktik og dannelse\u201d i Tidsskrift for Socialp\u00e6dagogik, 17. \u00e5rg., nr. 2, 2014. Tema: De professionelles d\u00f8mmekraft<\/p><p><a href=\"http:\/\/www.creactor.dk\/forumteater\" target=\"_blank\" rel=\"noopener\">www.creactor.dk\/forumteater<\/a><\/p><p><a href=\"http:\/\/www.dacapo.as\/forumteater\" target=\"_blank\" rel=\"noopener\">www.dacapo.as\/forumteater<\/a><\/p>\t\t\t\t\t\t<\/div>\n\t\t\t\t<\/div>\n\t\t\t\t\t<\/div>\n\t\t<\/div>\n\t\t\t\t\t\t\t<\/div>\n\t\t<\/section>\n\t\t\t\t\t\t\t<\/div>\n\t\t","protected":false},"excerpt":{"rendered":"<p>Forumteater Forumteater er en interaktiv teaterform hvor skuespillere viser et teaterstykke over en situation som er problematisk, dilemmatisk, kritisk eller konfliktuel, og hvor publikum undervejs&hellip;<\/p>\n","protected":false},"author":1,"featured_media":0,"parent":0,"menu_order":0,"comment_status":"closed","ping_status":"closed","template":"","meta":{"footnotes":""},"class_list":["post-125","page","type-page","status-publish","hentry"],"_links":{"self":[{"href":"https:\/\/nububupt.pha.dk\/index.php?rest_route=\/wp\/v2\/pages\/125","targetHints":{"allow":["GET"]}}],"collection":[{"href":"https:\/\/nububupt.pha.dk\/index.php?rest_route=\/wp\/v2\/pages"}],"about":[{"href":"https:\/\/nububupt.pha.dk\/index.php?rest_route=\/wp\/v2\/types\/page"}],"author":[{"embeddable":true,"href":"https:\/\/nububupt.pha.dk\/index.php?rest_route=\/wp\/v2\/users\/1"}],"replies":[{"embeddable":true,"href":"https:\/\/nububupt.pha.dk\/index.php?rest_route=%2Fwp%2Fv2%2Fcomments&post=125"}],"version-history":[{"count":4,"href":"https:\/\/nububupt.pha.dk\/index.php?rest_route=\/wp\/v2\/pages\/125\/revisions"}],"predecessor-version":[{"id":440,"href":"https:\/\/nububupt.pha.dk\/index.php?rest_route=\/wp\/v2\/pages\/125\/revisions\/440"}],"wp:attachment":[{"href":"https:\/\/nububupt.pha.dk\/index.php?rest_route=%2Fwp%2Fv2%2Fmedia&parent=125"}],"curies":[{"name":"wp","href":"https:\/\/api.w.org\/{rel}","templated":true}]}}