{"id":141,"date":"2023-04-03T10:58:03","date_gmt":"2023-04-03T10:58:03","guid":{"rendered":"https:\/\/nububupt.pha.dk\/?page_id=141"},"modified":"2023-04-04T08:57:07","modified_gmt":"2023-04-04T08:57:07","slug":"program-for-to-dages-undervisningsforlob-med-afsaet-i-den-autentiske-case-om-emilie","status":"publish","type":"page","link":"https:\/\/nububupt.pha.dk\/?page_id=141","title":{"rendered":"Program for to dages undervisningsforl\u00f8b med afs\u00e6t i den autentiske case om Emilie"},"content":{"rendered":"\t\t<div data-elementor-type=\"wp-page\" data-elementor-id=\"141\" class=\"elementor elementor-141\">\n\t\t\t\t\t\t\t\t\t<section class=\"elementor-section elementor-top-section elementor-element elementor-element-4597602 elementor-section-boxed elementor-section-height-default elementor-section-height-default\" data-id=\"4597602\" data-element_type=\"section\">\n\t\t\t\t\t\t<div class=\"elementor-container elementor-column-gap-default\">\n\t\t\t\t\t<div class=\"elementor-column elementor-col-100 elementor-top-column elementor-element elementor-element-f666660\" data-id=\"f666660\" data-element_type=\"column\">\n\t\t\t<div class=\"elementor-widget-wrap elementor-element-populated\">\n\t\t\t\t\t\t\t\t<div class=\"elementor-element elementor-element-116cdf8 elementor-widget elementor-widget-text-editor\" data-id=\"116cdf8\" data-element_type=\"widget\" data-widget_type=\"text-editor.default\">\n\t\t\t\t<div class=\"elementor-widget-container\">\n\t\t\t<style>\/*! elementor - v3.12.1 - 02-04-2023 *\/\n.elementor-widget-text-editor.elementor-drop-cap-view-stacked .elementor-drop-cap{background-color:#69727d;color:#fff}.elementor-widget-text-editor.elementor-drop-cap-view-framed .elementor-drop-cap{color:#69727d;border:3px solid;background-color:transparent}.elementor-widget-text-editor:not(.elementor-drop-cap-view-default) .elementor-drop-cap{margin-top:8px}.elementor-widget-text-editor:not(.elementor-drop-cap-view-default) .elementor-drop-cap-letter{width:1em;height:1em}.elementor-widget-text-editor .elementor-drop-cap{float:left;text-align:center;line-height:1;font-size:50px}.elementor-widget-text-editor .elementor-drop-cap-letter{display:inline-block}<\/style>\t\t\t\t<p><strong>Program for to dages undervisningsforl\u00f8b med afs\u00e6t i den autentiske case om Emilie<\/strong><\/p><p><strong>Deltagere i forl\u00f8bet:<\/strong>\u00a0I alt 94 studerende. 46 socialr\u00e5dgiverstuderende fra overbygningsmodulet\u00a0\u201dUdsatte b\u00f8rn og unge\u201d og 48 p\u00e6dagogstuderende fra specialiseringen \u201dB\u00f8rn\u00a0og unge\u201d. Alle studerende var i gang med deres 5. semester.<\/p><p><strong>Didaktisk metode:<\/strong>\u00a0Rollespil<\/p><p><strong>Undervisere:<\/strong>\u00a0Undervisergruppen bestod af fem undervisere, som havde forberedt\u00a0forl\u00f8bet og udarbejdet procesmaterialer.\u00a0Derudover var der undervisning ved en jurist fra Socialr\u00e5dgiveruddannelsen og\u00a0opl\u00e6g ved repr\u00e6sentant fra TABUKA.<\/p><p><strong>F\u00f8rste undervisningsdag<\/strong><\/p><table><tbody><tr><td width=\"83\"><strong>Tidspunkt<\/strong><\/td><td width=\"156\"><strong>Indhold<\/strong><\/td><td width=\"127\"><strong>Proces<\/strong><\/td><td width=\"122\"><strong>Materialer<\/strong><\/td><\/tr><tr><td width=\"83\">09.00 \u2013 11.30<\/td><td width=\"156\"><strong>F\u00e6lles<\/strong>\u00b7\u00a0\u00a0\u00a0\u00a0\u00a0\u00a0 Velkomst<p>\u00b7\u00a0\u00a0\u00a0\u00a0\u00a0\u00a0 Pr\u00e6sentation af programmet og rollespil som didaktisk metode<\/p><p>\u00b7\u00a0\u00a0\u00a0\u00a0\u00a0\u00a0 Opl\u00e6g om tv\u00e6rprofessionelt samarbejde<\/p><p>\u00b7\u00a0\u00a0\u00a0\u00a0\u00a0\u00a0 Opl\u00e6g om centrale juridiske forhold p\u00e5 b\u00f8rne- og ungeomr\u00e5det<\/p><p>\u00b7\u00a0\u00a0\u00a0\u00a0\u00a0\u00a0 Introduktion til gruppearbejdet med afs\u00e6t i Emiliecasen og vejledende procesmaterialer<\/p><\/td><td width=\"127\">\u00a0<\/td><td width=\"122\">Undervisningsmateriale om\u00b7\u00a0\u00a0\u00a0\u00a0\u00a0\u00a0 Tv\u00e6rprofessionelt samarbejde<p>\u00b7\u00a0\u00a0\u00a0\u00a0\u00a0\u00a0 Juridiske forhold p\u00e5 b\u00f8rne- og ungeomr\u00e5det<\/p><p>\u00b7\u00a0\u00a0\u00a0\u00a0\u00a0\u00a0 Emiliecasen<\/p><p>\u00b7\u00a0\u00a0\u00a0\u00a0\u00a0\u00a0 Gruppeinstruktioner til de tre rollespil<\/p><\/td><\/tr><tr><td width=\"83\">11.30 \u2013 12.00<\/td><td width=\"156\">Frokost<\/td><td width=\"127\">\u00a0<\/td><td width=\"122\">\u00a0<\/td><\/tr><tr><td width=\"83\">12.00 \u2013 15.30<\/td><td width=\"156\">\u00a0<\/td><td width=\"127\"><strong>Gruppeproces med l\u00f8bende vejledning<\/strong>\u00b7\u00a0\u00a0\u00a0\u00a0\u00a0\u00a0 L\u00e6se casen og f\u00f8rste gruppeinstruktion<p>\u00b7\u00a0\u00a0\u00a0\u00a0\u00a0\u00a0 Rollespil med afs\u00e6t i p\u00e6dagogens professionsrum: Beruset far henter Emilie i skolefritidsordningen<\/p><p>\u00b7\u00a0\u00a0\u00a0\u00a0\u00a0\u00a0 L\u00e6se anden gruppeinstruktion<\/p><p>\u00b7\u00a0\u00a0\u00a0\u00a0\u00a0\u00a0 Rollespil med afs\u00e6t i socialr\u00e5dgiverens professionsrum: B\u00f8rnesamtale med Emilie i plejefamilien<\/p><p>\u00b7\u00a0\u00a0\u00a0\u00a0\u00a0\u00a0 F\u00e6lles faglig refleksion over de to rollespil og forberedelse til netv\u00e6rksm\u00f8det til n\u00e6ste undervisningsdag<\/p><\/td><td width=\"122\">\u00a0<\/td><\/tr><\/tbody><\/table><p>\u00a0<\/p><p>\u00a0<\/p><p><strong>Anden undervisningsdag<\/strong><\/p><table><tbody><tr><td width=\"85\"><strong>Tidspunkt<\/strong><\/td><td width=\"156\"><strong>Indhold<\/strong><\/td><td width=\"135\"><strong>Proces<\/strong><\/td><td width=\"119\"><strong>Materialer<\/strong><\/td><\/tr><tr><td width=\"85\">09.00 \u2013 12.00<\/td><td width=\"156\">\u00a0<\/td><td width=\"135\"><strong>Gruppeproces med l\u00f8bende vejledning<\/strong>\u00b7\u00a0\u00a0\u00a0\u00a0\u00a0\u00a0 Rollespil: afvikling af netv\u00e6rksm\u00f8de om Emilie<p>\u00b7\u00a0\u00a0\u00a0\u00a0\u00a0\u00a0 Refleksion og analyse ved brug af analysemodel<\/p><p>\u00a0<\/p><\/td><td width=\"119\">\u00b7\u00a0\u00a0\u00a0\u00a0\u00a0\u00a0 Analysemodel<\/td><\/tr><tr><td width=\"85\">12.00 \u2013 12.30<\/td><td width=\"156\">Frokost<\/td><td width=\"135\">\u00a0<\/td><td width=\"119\">\u00a0<\/td><\/tr><tr><td width=\"85\">12.30 \u2013 13.30<\/td><td width=\"156\"><strong>F\u00e6lles<\/strong>Opl\u00e6g ved repr\u00e6sentant fra TABUKA<\/td><td width=\"135\">\u00a0<\/td><td width=\"119\">\u00a0<\/td><\/tr><tr><td width=\"85\">13.30 \u2013 14.00<\/td><td width=\"156\"><strong>F\u00e6lles<\/strong>\u00b7\u00a0\u00a0\u00a0\u00a0\u00a0\u00a0 Opsamling p\u00e5 forl\u00f8bet<p>\u00b7\u00a0\u00a0\u00a0\u00a0\u00a0\u00a0 Evaluering<\/p><p>\u00b7\u00a0\u00a0\u00a0\u00a0\u00a0\u00a0 Afslutning<\/p><\/td><td width=\"135\">\u00a0<\/td><td width=\"119\">\u00a0<\/td><\/tr><\/tbody><\/table>\t\t\t\t\t\t<\/div>\n\t\t\t\t<\/div>\n\t\t\t\t\t<\/div>\n\t\t<\/div>\n\t\t\t\t\t\t\t<\/div>\n\t\t<\/section>\n\t\t\t\t\t\t\t<\/div>\n\t\t","protected":false},"excerpt":{"rendered":"<p>Program for to dages undervisningsforl\u00f8b med afs\u00e6t i den autentiske case om Emilie Deltagere i forl\u00f8bet:\u00a0I alt 94 studerende. 46 socialr\u00e5dgiverstuderende fra overbygningsmodulet\u00a0\u201dUdsatte b\u00f8rn og&hellip;<\/p>\n","protected":false},"author":1,"featured_media":0,"parent":0,"menu_order":0,"comment_status":"closed","ping_status":"closed","template":"","meta":{"footnotes":""},"class_list":["post-141","page","type-page","status-publish","hentry"],"_links":{"self":[{"href":"https:\/\/nububupt.pha.dk\/index.php?rest_route=\/wp\/v2\/pages\/141","targetHints":{"allow":["GET"]}}],"collection":[{"href":"https:\/\/nububupt.pha.dk\/index.php?rest_route=\/wp\/v2\/pages"}],"about":[{"href":"https:\/\/nububupt.pha.dk\/index.php?rest_route=\/wp\/v2\/types\/page"}],"author":[{"embeddable":true,"href":"https:\/\/nububupt.pha.dk\/index.php?rest_route=\/wp\/v2\/users\/1"}],"replies":[{"embeddable":true,"href":"https:\/\/nububupt.pha.dk\/index.php?rest_route=%2Fwp%2Fv2%2Fcomments&post=141"}],"version-history":[{"count":4,"href":"https:\/\/nububupt.pha.dk\/index.php?rest_route=\/wp\/v2\/pages\/141\/revisions"}],"predecessor-version":[{"id":456,"href":"https:\/\/nububupt.pha.dk\/index.php?rest_route=\/wp\/v2\/pages\/141\/revisions\/456"}],"wp:attachment":[{"href":"https:\/\/nububupt.pha.dk\/index.php?rest_route=%2Fwp%2Fv2%2Fmedia&parent=141"}],"curies":[{"name":"wp","href":"https:\/\/api.w.org\/{rel}","templated":true}]}}