{"id":40,"date":"2023-04-03T09:39:40","date_gmt":"2023-04-03T09:39:40","guid":{"rendered":"https:\/\/nububupt.pha.dk\/?page_id=40"},"modified":"2023-04-03T10:31:54","modified_gmt":"2023-04-03T10:31:54","slug":"links","status":"publish","type":"page","link":"https:\/\/nububupt.pha.dk\/?page_id=40","title":{"rendered":"Links"},"content":{"rendered":"\t\t<div data-elementor-type=\"wp-page\" data-elementor-id=\"40\" class=\"elementor elementor-40\">\n\t\t\t\t\t\t\t\t\t<section class=\"elementor-section elementor-top-section elementor-element elementor-element-51b8bea elementor-section-boxed elementor-section-height-default elementor-section-height-default\" data-id=\"51b8bea\" data-element_type=\"section\">\n\t\t\t\t\t\t<div class=\"elementor-container elementor-column-gap-default\">\n\t\t\t\t\t<div class=\"elementor-column elementor-col-66 elementor-top-column elementor-element elementor-element-c8f3070\" data-id=\"c8f3070\" data-element_type=\"column\">\n\t\t\t<div class=\"elementor-widget-wrap elementor-element-populated\">\n\t\t\t\t\t\t\t\t<div class=\"elementor-element elementor-element-815842e elementor-widget elementor-widget-heading\" data-id=\"815842e\" data-element_type=\"widget\" data-widget_type=\"heading.default\">\n\t\t\t\t<div class=\"elementor-widget-container\">\n\t\t\t<style>\/*! elementor - v3.12.1 - 02-04-2023 *\/\n.elementor-heading-title{padding:0;margin:0;line-height:1}.elementor-widget-heading .elementor-heading-title[class*=elementor-size-]>a{color:inherit;font-size:inherit;line-height:inherit}.elementor-widget-heading .elementor-heading-title.elementor-size-small{font-size:15px}.elementor-widget-heading .elementor-heading-title.elementor-size-medium{font-size:19px}.elementor-widget-heading .elementor-heading-title.elementor-size-large{font-size:29px}.elementor-widget-heading .elementor-heading-title.elementor-size-xl{font-size:39px}.elementor-widget-heading .elementor-heading-title.elementor-size-xxl{font-size:59px}<\/style><h3 class=\"elementor-heading-title elementor-size-default\">EN OVERSIGT OVER LINKS<\/h3>\t\t<\/div>\n\t\t\t\t<\/div>\n\t\t\t\t<div class=\"elementor-element elementor-element-3948d15 elementor-widget elementor-widget-text-editor\" data-id=\"3948d15\" data-element_type=\"widget\" data-widget_type=\"text-editor.default\">\n\t\t\t\t<div class=\"elementor-widget-container\">\n\t\t\t<style>\/*! elementor - v3.12.1 - 02-04-2023 *\/\n.elementor-widget-text-editor.elementor-drop-cap-view-stacked .elementor-drop-cap{background-color:#69727d;color:#fff}.elementor-widget-text-editor.elementor-drop-cap-view-framed .elementor-drop-cap{color:#69727d;border:3px solid;background-color:transparent}.elementor-widget-text-editor:not(.elementor-drop-cap-view-default) .elementor-drop-cap{margin-top:8px}.elementor-widget-text-editor:not(.elementor-drop-cap-view-default) .elementor-drop-cap-letter{width:1em;height:1em}.elementor-widget-text-editor .elementor-drop-cap{float:left;text-align:center;line-height:1;font-size:50px}.elementor-widget-text-editor .elementor-drop-cap-letter{display:inline-block}<\/style>\t\t\t\t<p>I B\u00f8rn og Unge p\u00e5 Tv\u00e6rs er der en r\u00e6kke temaer, som g\u00e5r igen i andre sammenh\u00e6nge. Nedenfor har vi samlet links til hjemmesider, der har en relevans for de to centrale temaer om tv\u00e6rprofessionelt samarbejde om udsatte b\u00f8rn og unge og b\u00f8rns og unges stemmer i den sammenh\u00e6ng.<\/p><p>\u00d8verst er der generelle links, som henviser til hovedhjemmesider, derefter er der mere specifikke links, som leder hen til dele af hjemmesider, rapporter, socialfaglige metoder og redskaber, pjecer og lignende. Vi har ogs\u00e5 samlet links til b\u00f8rne- og ungeorganisationer, og endelig har vi fundet filmklip p\u00e5 hjemmesider af relevans for projektet.<\/p><p>Oversigten over links er ikke udt\u00f8mmende, men resultatet af en s\u00f8gning efter temaerne med en s\u00f8gemaskine og p\u00e5 centrale hjemmesider. Vi h\u00e5ber, at linksene kan bidrage til det videre arbejde med B\u00f8rn og Unge p\u00e5 Tv\u00e6rs p\u00e5 mangfoldige og inspirerende m\u00e5der.<\/p>\t\t\t\t\t\t<\/div>\n\t\t\t\t<\/div>\n\t\t\t\t\t<\/div>\n\t\t<\/div>\n\t\t\t\t<div class=\"elementor-column elementor-col-33 elementor-top-column elementor-element elementor-element-f699dc6\" data-id=\"f699dc6\" data-element_type=\"column\">\n\t\t\t<div class=\"elementor-widget-wrap elementor-element-populated\">\n\t\t\t\t\t\t\t\t<div class=\"elementor-element elementor-element-41753fb elementor-widget elementor-widget-heading\" data-id=\"41753fb\" data-element_type=\"widget\" data-widget_type=\"heading.default\">\n\t\t\t\t<div class=\"elementor-widget-container\">\n\t\t\t<h4 class=\"elementor-heading-title elementor-size-default\">B\u00d8RN \u2013 OG UNGEORGANISATIONER<\/h4>\t\t<\/div>\n\t\t\t\t<\/div>\n\t\t\t\t<div class=\"elementor-element elementor-element-eb0ecf4 elementor-widget elementor-widget-text-editor\" data-id=\"eb0ecf4\" data-element_type=\"widget\" data-widget_type=\"text-editor.default\">\n\t\t\t\t<div class=\"elementor-widget-container\">\n\t\t\t\t\t\t\t<p><a href=\"http:\/\/www.baglandet.net\/\">Baglandet<\/a><br \/><a href=\"http:\/\/www.boerneraadet.dk\/\">B\u00f8rner\u00e5det<\/a><br \/><a href=\"http:\/\/www.baglandet.net\/\">B\u00f8rnetinget<\/a><br \/><a href=\"http:\/\/www.bornsvilkar.dk\/\">B\u00f8rns Vilk\u00e5r<\/a><br \/><a href=\"http:\/\/www.de4aarstider.com\/\">De 4 \u00e5rstider<\/a><\/p>\t\t\t\t\t\t<\/div>\n\t\t\t\t<\/div>\n\t\t\t\t<div class=\"elementor-element elementor-element-98657f3 elementor-widget elementor-widget-heading\" data-id=\"98657f3\" data-element_type=\"widget\" data-widget_type=\"heading.default\">\n\t\t\t\t<div class=\"elementor-widget-container\">\n\t\t\t<h4 class=\"elementor-heading-title elementor-size-default\">DIV. LINKS<\/h4>\t\t<\/div>\n\t\t\t\t<\/div>\n\t\t\t\t<div class=\"elementor-element elementor-element-7132f41 elementor-widget elementor-widget-text-editor\" data-id=\"7132f41\" data-element_type=\"widget\" data-widget_type=\"text-editor.default\">\n\t\t\t\t<div class=\"elementor-widget-container\">\n\t\t\t\t\t\t\t<p><a href=\"http:\/\/www.sfi.dk\/\">Det Nationale Forskningscenter for Velf\u00e6rd SFI<\/a><br \/><a href=\"http:\/\/www.socialstyrelsen.dk\/ics\">Integrated Children&#8217;s System (ICS)<\/a><br \/><a href=\"http:\/\/socialstyrelsen.dk\/born\/forebyggelse-og-tidlig-indsats\">Tidlig indsats<\/a><br \/><a href=\"http:\/\/www.kora.dk\/boern-og-unge\/\">Tidlig opsporing<\/a><br \/><a href=\"http:\/\/vidensportal.socialstyrelsen.dk\/\">Vidensportal om udsatte b\u00f8rn og unge<\/a><\/p>\t\t\t\t\t\t<\/div>\n\t\t\t\t<\/div>\n\t\t\t\t<div class=\"elementor-element elementor-element-eda6699 elementor-widget elementor-widget-heading\" data-id=\"eda6699\" data-element_type=\"widget\" data-widget_type=\"heading.default\">\n\t\t\t\t<div class=\"elementor-widget-container\">\n\t\t\t<h4 class=\"elementor-heading-title elementor-size-default\">EFFEKT OG BETYDNING AF TV\u00c6RPROFESSIONELT SAMARBEJDE<\/h4>\t\t<\/div>\n\t\t\t\t<\/div>\n\t\t\t\t<div class=\"elementor-element elementor-element-8b28589 elementor-widget elementor-widget-text-editor\" data-id=\"8b28589\" data-element_type=\"widget\" data-widget_type=\"text-editor.default\">\n\t\t\t\t<div class=\"elementor-widget-container\">\n\t\t\t\t\t\t\t<p><a href=\"http:\/\/www.sfi.dk\/s%C3%B8gesvar-4455.aspx?Action=1&amp;NewsId=3192&amp;PID=9262\">Systematisk forskningsoversigt af SFI<\/a><\/p>\t\t\t\t\t\t<\/div>\n\t\t\t\t<\/div>\n\t\t\t\t<div class=\"elementor-element elementor-element-7ebb1a3 elementor-widget elementor-widget-heading\" data-id=\"7ebb1a3\" data-element_type=\"widget\" data-widget_type=\"heading.default\">\n\t\t\t\t<div class=\"elementor-widget-container\">\n\t\t\t<h4 class=\"elementor-heading-title elementor-size-default\">FAKTORER DER HAR BETYDNING FOR SAMARBEJDET<\/h4>\t\t<\/div>\n\t\t\t\t<\/div>\n\t\t\t\t<div class=\"elementor-element elementor-element-7b1a4c9 elementor-widget elementor-widget-text-editor\" data-id=\"7b1a4c9\" data-element_type=\"widget\" data-widget_type=\"text-editor.default\">\n\t\t\t\t<div class=\"elementor-widget-container\">\n\t\t\t\t\t\t\t<p><a href=\"http:\/\/tvaerprofessionellevirkeligheder.wordpress.com\/about\/\">Beskrivelse af initiativer p\u00e5 en skole rettet mod p\u00e6dagogstuderende<\/a><br \/><a href=\"http:\/\/nubu.dk\/\">NUBU<\/a><br \/><a href=\"http:\/\/socialraadgiverne.dk\/Files\/Filer\/Publikationer\/Pjecer\/PjeceHaandgrebSamarbejdetskunst.pdf\">Pjece og hjemmeside om H\u00e5ndgreb i samarbejdets sv\u00e6re kunst<\/a><br \/><a href=\"http:\/\/www.socialstyrelsen.dk\/born-og-unge\/tidlig-indsats-livslang-effekt\/indsatser\/dagtilbud\">Socialstyrelsens underhjemmeside om tidlig indsats<\/a><\/p>\t\t\t\t\t\t<\/div>\n\t\t\t\t<\/div>\n\t\t\t\t<div class=\"elementor-element elementor-element-4c0731f elementor-widget elementor-widget-heading\" data-id=\"4c0731f\" data-element_type=\"widget\" data-widget_type=\"heading.default\">\n\t\t\t\t<div class=\"elementor-widget-container\">\n\t\t\t<h4 class=\"elementor-heading-title elementor-size-default\">FILMKLIP<\/h4>\t\t<\/div>\n\t\t\t\t<\/div>\n\t\t\t\t<div class=\"elementor-element elementor-element-c48004e elementor-widget elementor-widget-text-editor\" data-id=\"c48004e\" data-element_type=\"widget\" data-widget_type=\"text-editor.default\">\n\t\t\t\t<div class=\"elementor-widget-container\">\n\t\t\t\t\t\t\t<p><a href=\"http:\/\/www.socialstyrelsen.dk\/born-og-unge\/barnets-reform\/implementeringsaktiviteter\/film-vedr.-barnets-reform\">Tre film om tidlig indsats<\/a><\/p>\t\t\t\t\t\t<\/div>\n\t\t\t\t<\/div>\n\t\t\t\t<div class=\"elementor-element elementor-element-d0cb5f9 elementor-widget elementor-widget-heading\" data-id=\"d0cb5f9\" data-element_type=\"widget\" data-widget_type=\"heading.default\">\n\t\t\t\t<div class=\"elementor-widget-container\">\n\t\t\t<h4 class=\"elementor-heading-title elementor-size-default\">GENERELLE LINKS<\/h4>\t\t<\/div>\n\t\t\t\t<\/div>\n\t\t\t\t<div class=\"elementor-element elementor-element-e2693ad elementor-widget elementor-widget-text-editor\" data-id=\"e2693ad\" data-element_type=\"widget\" data-widget_type=\"text-editor.default\">\n\t\t\t\t<div class=\"elementor-widget-container\">\n\t\t\t\t\t\t\t<p><a href=\"http:\/\/ast.dk\/\">Ankestyrelsen<\/a><br \/><a href=\"http:\/\/statistikbanken.dk\/\">Danmarks statistik<\/a><br \/><a href=\"http:\/\/sfi.dk\/\">Det nationale forskningscenter for velf\u00e6rd<\/a><br \/><a href=\"http:\/\/kora.dk\/\">Det nationale institut for kommuners og regioners analyse og forskning<\/a><br \/><a href=\"http:\/\/www.husetzornig.dk\/\">Huset Zornig<\/a><br \/><a href=\"http:\/\/kl.dk\/\">Kommunernes landsforening<\/a> <br \/><a href=\"http:\/\/nubu.dk\/\">NUBU<\/a><br \/><a href=\"http:\/\/retsinformation.dk\/\">Retsinformation.dk<\/a> <a href=\"http:\/\/sm.dk\/\">Socialministeriets hjemmeside<\/a><br \/><a href=\"http:\/\/socialstyrelsen.dk\/\">Socialstyrelsen<\/a><br \/><a href=\"http:\/\/vidensportal.socialstyrelsen.dk\/\">Vidensportal Socialstyrelsen<\/a><\/p>\t\t\t\t\t\t<\/div>\n\t\t\t\t<\/div>\n\t\t\t\t<div class=\"elementor-element elementor-element-3e6b519 elementor-widget elementor-widget-heading\" data-id=\"3e6b519\" data-element_type=\"widget\" data-widget_type=\"heading.default\">\n\t\t\t\t<div class=\"elementor-widget-container\">\n\t\t\t<h4 class=\"elementor-heading-title elementor-size-default\">LOVGRUNDLAG<\/h4>\t\t<\/div>\n\t\t\t\t<\/div>\n\t\t\t\t<div class=\"elementor-element elementor-element-de88d67 elementor-widget elementor-widget-text-editor\" data-id=\"de88d67\" data-element_type=\"widget\" data-widget_type=\"text-editor.default\">\n\t\t\t\t<div class=\"elementor-widget-container\">\n\t\t\t\t\t\t\t<p><a href=\"http:\/\/www.socialstyrelsen.dk\/born-og-unge\/aktuelt\/ny-version-af-pjecen-201ddialog-om-tidlig-indsats201d\">H\u00e6fte udarbejdet for Socialstyrelsen<\/a><br \/><a href=\"http:\/\/sundhedsstyrelsen.dk\/publ\/publ2011\/cff\/sundhedsydelser\/sundhedsydelser.pdf\">Vejledning om forebyggende sundhedsydelser til b\u00f8rn og unge<\/a><\/p>\t\t\t\t\t\t<\/div>\n\t\t\t\t<\/div>\n\t\t\t\t<div class=\"elementor-element elementor-element-e4556ba elementor-widget elementor-widget-heading\" data-id=\"e4556ba\" data-element_type=\"widget\" data-widget_type=\"heading.default\">\n\t\t\t\t<div class=\"elementor-widget-container\">\n\t\t\t<h4 class=\"elementor-heading-title elementor-size-default\">MODELLER FOR SAMARBEJDE<\/h4>\t\t<\/div>\n\t\t\t\t<\/div>\n\t\t\t\t<div class=\"elementor-element elementor-element-12a8043 elementor-widget elementor-widget-text-editor\" data-id=\"12a8043\" data-element_type=\"widget\" data-widget_type=\"text-editor.default\">\n\t\t\t\t<div class=\"elementor-widget-container\">\n\t\t\t\t\t\t\t<p><a href=\"http:\/\/www.socialstyrelsen.dk\/tvaerfaglig-indsats\">Beskrivelse af samarbejdsmodel<\/a> <br \/><a href=\"http:\/\/www.socialstyrelsen.dk\/born-og-unge\/forebyggelse-og-tidlig-indsats\/opkvalificering-af-den-tidlige-indsats-1\">Forskningsrapport udarbejdet af KORA om model for tidlig indsats<\/a><br \/><a href=\"http:\/\/socialstyrelsen.dk\/ics\">ICS<\/a><br \/><a href=\"http:\/\/www.socialstyrelsen.dk\/born-og-unge\/barnets-reform\/centrale-initiativer\/tvaerfagligt-samarbejde-nye-modeller\">Kortl\u00e6gning af kommunale samarbejdsmodeller<\/a><\/p>\t\t\t\t\t\t<\/div>\n\t\t\t\t<\/div>\n\t\t\t\t<div class=\"elementor-element elementor-element-13fc40e elementor-widget elementor-widget-heading\" data-id=\"13fc40e\" data-element_type=\"widget\" data-widget_type=\"heading.default\">\n\t\t\t\t<div class=\"elementor-widget-container\">\n\t\t\t<h4 class=\"elementor-heading-title elementor-size-default\">PROFESSIONSH\u00d8JSKOLERNE I DANMARK<\/h4>\t\t<\/div>\n\t\t\t\t<\/div>\n\t\t\t\t<div class=\"elementor-element elementor-element-7830298 elementor-widget elementor-widget-text-editor\" data-id=\"7830298\" data-element_type=\"widget\" data-widget_type=\"text-editor.default\">\n\t\t\t\t<div class=\"elementor-widget-container\">\n\t\t\t\t\t\t\t<p><a href=\"http:\/\/www.uc-dk.dk\/da\/\">Danske Professionsh\u00f8jskoler<\/a> <br \/><a href=\"http:\/\/www.phmetropol.dk\/\">Professionsh\u00f8jskolen Metropol<\/a> <br \/><a href=\"http:\/\/www.ucc.dk\/\">Professionsh\u00f8jskolen UCC<\/a> <br \/><a href=\"http:\/\/www.ucl.dk\/\">University College Lilleb\u00e6lt<\/a> <br \/><a href=\"http:\/\/www.ucn.dk\/\">University College Nordjylland<\/a> <br \/><a href=\"https:\/\/phabsalon.dk\/\">Professionsh\u00f8jskolen Absalon<\/a><br \/><a href=\"http:\/\/www.ucsyd.dk\/\">University College Syddanmark<\/a> <br \/><a href=\"http:\/\/www.viauc.dk\/\">VIA University College<\/a><\/p>\t\t\t\t\t\t<\/div>\n\t\t\t\t<\/div>\n\t\t\t\t\t<\/div>\n\t\t<\/div>\n\t\t\t\t\t\t\t<\/div>\n\t\t<\/section>\n\t\t\t\t\t\t\t<\/div>\n\t\t","protected":false},"excerpt":{"rendered":"<p>EN OVERSIGT OVER LINKS I B\u00f8rn og Unge p\u00e5 Tv\u00e6rs er der en r\u00e6kke temaer, som g\u00e5r igen i andre sammenh\u00e6nge. Nedenfor har vi samlet&hellip;<\/p>\n","protected":false},"author":1,"featured_media":0,"parent":0,"menu_order":0,"comment_status":"closed","ping_status":"closed","template":"","meta":{"footnotes":""},"class_list":["post-40","page","type-page","status-publish","hentry"],"_links":{"self":[{"href":"https:\/\/nububupt.pha.dk\/index.php?rest_route=\/wp\/v2\/pages\/40","targetHints":{"allow":["GET"]}}],"collection":[{"href":"https:\/\/nububupt.pha.dk\/index.php?rest_route=\/wp\/v2\/pages"}],"about":[{"href":"https:\/\/nububupt.pha.dk\/index.php?rest_route=\/wp\/v2\/types\/page"}],"author":[{"embeddable":true,"href":"https:\/\/nububupt.pha.dk\/index.php?rest_route=\/wp\/v2\/users\/1"}],"replies":[{"embeddable":true,"href":"https:\/\/nububupt.pha.dk\/index.php?rest_route=%2Fwp%2Fv2%2Fcomments&post=40"}],"version-history":[{"count":17,"href":"https:\/\/nububupt.pha.dk\/index.php?rest_route=\/wp\/v2\/pages\/40\/revisions"}],"predecessor-version":[{"id":211,"href":"https:\/\/nububupt.pha.dk\/index.php?rest_route=\/wp\/v2\/pages\/40\/revisions\/211"}],"wp:attachment":[{"href":"https:\/\/nububupt.pha.dk\/index.php?rest_route=%2Fwp%2Fv2%2Fmedia&parent=40"}],"curies":[{"name":"wp","href":"https:\/\/api.w.org\/{rel}","templated":true}]}}