{"id":93,"date":"2023-04-03T10:47:08","date_gmt":"2023-04-03T10:47:08","guid":{"rendered":"https:\/\/nububupt.pha.dk\/?page_id=93"},"modified":"2023-04-04T07:13:56","modified_gmt":"2023-04-04T07:13:56","slug":"silas","status":"publish","type":"page","link":"https:\/\/nububupt.pha.dk\/?page_id=93","title":{"rendered":"Silas"},"content":{"rendered":"\t\t<div data-elementor-type=\"wp-page\" data-elementor-id=\"93\" class=\"elementor elementor-93\">\n\t\t\t\t\t\t\t\t\t<section class=\"elementor-section elementor-top-section elementor-element elementor-element-88cc5d6 elementor-section-boxed elementor-section-height-default elementor-section-height-default\" data-id=\"88cc5d6\" data-element_type=\"section\">\n\t\t\t\t\t\t<div class=\"elementor-container elementor-column-gap-default\">\n\t\t\t\t\t<div class=\"elementor-column elementor-col-33 elementor-top-column elementor-element elementor-element-0b29b87\" data-id=\"0b29b87\" data-element_type=\"column\">\n\t\t\t<div class=\"elementor-widget-wrap elementor-element-populated\">\n\t\t\t\t\t\t\t\t<div class=\"elementor-element elementor-element-4dff4b9 elementor-widget elementor-widget-heading\" data-id=\"4dff4b9\" data-element_type=\"widget\" data-widget_type=\"heading.default\">\n\t\t\t\t<div class=\"elementor-widget-container\">\n\t\t\t<style>\/*! elementor - v3.12.1 - 02-04-2023 *\/\n.elementor-heading-title{padding:0;margin:0;line-height:1}.elementor-widget-heading .elementor-heading-title[class*=elementor-size-]>a{color:inherit;font-size:inherit;line-height:inherit}.elementor-widget-heading .elementor-heading-title.elementor-size-small{font-size:15px}.elementor-widget-heading .elementor-heading-title.elementor-size-medium{font-size:19px}.elementor-widget-heading .elementor-heading-title.elementor-size-large{font-size:29px}.elementor-widget-heading .elementor-heading-title.elementor-size-xl{font-size:39px}.elementor-widget-heading .elementor-heading-title.elementor-size-xxl{font-size:59px}<\/style><h3 class=\"elementor-heading-title elementor-size-default\">Silas<\/h3>\t\t<\/div>\n\t\t\t\t<\/div>\n\t\t\t\t<div class=\"elementor-element elementor-element-e639954 elementor-widget elementor-widget-text-editor\" data-id=\"e639954\" data-element_type=\"widget\" data-widget_type=\"text-editor.default\">\n\t\t\t\t<div class=\"elementor-widget-container\">\n\t\t\t<style>\/*! elementor - v3.12.1 - 02-04-2023 *\/\n.elementor-widget-text-editor.elementor-drop-cap-view-stacked .elementor-drop-cap{background-color:#69727d;color:#fff}.elementor-widget-text-editor.elementor-drop-cap-view-framed .elementor-drop-cap{color:#69727d;border:3px solid;background-color:transparent}.elementor-widget-text-editor:not(.elementor-drop-cap-view-default) .elementor-drop-cap{margin-top:8px}.elementor-widget-text-editor:not(.elementor-drop-cap-view-default) .elementor-drop-cap-letter{width:1em;height:1em}.elementor-widget-text-editor .elementor-drop-cap{float:left;text-align:center;line-height:1;font-size:50px}.elementor-widget-text-editor .elementor-drop-cap-letter{display:inline-block}<\/style>\t\t\t\t<p>\u2013 mistanke om vold mod 11-m\u00e5neders dreng<\/p>\t\t\t\t\t\t<\/div>\n\t\t\t\t<\/div>\n\t\t\t\t<div class=\"elementor-element elementor-element-ca18d2c elementor-widget elementor-widget-heading\" data-id=\"ca18d2c\" data-element_type=\"widget\" data-widget_type=\"heading.default\">\n\t\t\t\t<div class=\"elementor-widget-container\">\n\t\t\t<h4 class=\"elementor-heading-title elementor-size-default\">Direkte akt\u00f8rperspektiver<\/h4>\t\t<\/div>\n\t\t\t\t<\/div>\n\t\t\t\t<div class=\"elementor-element elementor-element-d7b5fff elementor-widget elementor-widget-text-editor\" data-id=\"d7b5fff\" data-element_type=\"widget\" data-widget_type=\"text-editor.default\">\n\t\t\t\t<div class=\"elementor-widget-container\">\n\t\t\t\t\t\t\t<blockquote><p>Louise, sygeplejerske p\u00e5 b\u00f8rneafdeling p\u00e5 et hospital<\/p><\/blockquote>\t\t\t\t\t\t<\/div>\n\t\t\t\t<\/div>\n\t\t\t\t<div class=\"elementor-element elementor-element-3df89e4 elementor-widget elementor-widget-heading\" data-id=\"3df89e4\" data-element_type=\"widget\" data-widget_type=\"heading.default\">\n\t\t\t\t<div class=\"elementor-widget-container\">\n\t\t\t<h4 class=\"elementor-heading-title elementor-size-default\">Indirekte akt\u00f8rperspektiver<\/h4>\t\t<\/div>\n\t\t\t\t<\/div>\n\t\t\t\t<div class=\"elementor-element elementor-element-6fa6b30 elementor-widget elementor-widget-text-editor\" data-id=\"6fa6b30\" data-element_type=\"widget\" data-widget_type=\"text-editor.default\">\n\t\t\t\t<div class=\"elementor-widget-container\">\n\t\t\t\t\t\t\t<blockquote><p>Silas<\/p><p>Silas\u2019 for\u00e6ldre<\/p><p>Hospitalsl\u00e6ge og ortop\u00e6dkirurg<\/p><p>Andre sygeplejersker<\/p><\/blockquote>\t\t\t\t\t\t<\/div>\n\t\t\t\t<\/div>\n\t\t\t\t<div class=\"elementor-element elementor-element-aeadd7f elementor-widget elementor-widget-heading\" data-id=\"aeadd7f\" data-element_type=\"widget\" data-widget_type=\"heading.default\">\n\t\t\t\t<div class=\"elementor-widget-container\">\n\t\t\t<h4 class=\"elementor-heading-title elementor-size-default\">Tv\u00e6rprofessionelle temaer<\/h4>\t\t<\/div>\n\t\t\t\t<\/div>\n\t\t\t\t<div class=\"elementor-element elementor-element-1a475db elementor-widget elementor-widget-text-editor\" data-id=\"1a475db\" data-element_type=\"widget\" data-widget_type=\"text-editor.default\">\n\t\t\t\t<div class=\"elementor-widget-container\">\n\t\t\t\t\t\t\t<blockquote><p>Observation, unders\u00f8gelse og dr\u00f8ftelse af et barns symptomer<\/p><p>H\u00e5ndtering af samarbejde med for\u00e6ldre n\u00e5r der er tvivl om hvad barnet har v\u00e6ret udsat for<\/p><p>Juridiske forhold knyttet til mishandling af b\u00f8rn<\/p><\/blockquote>\t\t\t\t\t\t<\/div>\n\t\t\t\t<\/div>\n\t\t\t\t<div class=\"elementor-element elementor-element-d7633ec elementor-widget elementor-widget-heading\" data-id=\"d7633ec\" data-element_type=\"widget\" data-widget_type=\"heading.default\">\n\t\t\t\t<div class=\"elementor-widget-container\">\n\t\t\t<h4 class=\"elementor-heading-title elementor-size-default\">Didaktiske forslag<\/h4>\t\t<\/div>\n\t\t\t\t<\/div>\n\t\t\t\t<div class=\"elementor-element elementor-element-88dee08 elementor-widget elementor-widget-text-editor\" data-id=\"88dee08\" data-element_type=\"widget\" data-widget_type=\"text-editor.default\">\n\t\t\t\t<div class=\"elementor-widget-container\">\n\t\t\t\t\t\t\t<blockquote><p>Rollespil<\/p><p>Forumteater<\/p><\/blockquote>\t\t\t\t\t\t<\/div>\n\t\t\t\t<\/div>\n\t\t\t\t<div class=\"elementor-element elementor-element-59200a0 elementor-widget elementor-widget-heading\" data-id=\"59200a0\" data-element_type=\"widget\" data-widget_type=\"heading.default\">\n\t\t\t\t<div class=\"elementor-widget-container\">\n\t\t\t<h4 class=\"elementor-heading-title elementor-size-default\">Lyt til casen<\/h4>\t\t<\/div>\n\t\t\t\t<\/div>\n\t\t\t\t<div class=\"elementor-element elementor-element-ce74863 elementor-widget elementor-widget-text-editor\" data-id=\"ce74863\" data-element_type=\"widget\" data-widget_type=\"text-editor.default\">\n\t\t\t\t<div class=\"elementor-widget-container\">\n\t\t\t\t\t\t\t<audio class=\"wp-audio-shortcode\" id=\"audio-93-1\" preload=\"none\" style=\"width: 100%;\" controls=\"controls\"><source type=\"audio\/mpeg\" src=\"https:\/\/nububupt.pha.dk\/wp-content\/uploads\/2023\/04\/silas.mp3?_=1\" \/><a href=\"https:\/\/nububupt.pha.dk\/wp-content\/uploads\/2023\/04\/silas.mp3\">https:\/\/nububupt.pha.dk\/wp-content\/uploads\/2023\/04\/silas.mp3<\/a><\/audio>\t\t\t\t\t\t<\/div>\n\t\t\t\t<\/div>\n\t\t\t\t\t<\/div>\n\t\t<\/div>\n\t\t\t\t<div class=\"elementor-column elementor-col-66 elementor-top-column elementor-element elementor-element-ad8c827\" data-id=\"ad8c827\" data-element_type=\"column\">\n\t\t\t<div class=\"elementor-widget-wrap elementor-element-populated\">\n\t\t\t\t\t\t\t\t<div class=\"elementor-element elementor-element-f6b9432 elementor-widget elementor-widget-heading\" data-id=\"f6b9432\" data-element_type=\"widget\" data-widget_type=\"heading.default\">\n\t\t\t\t<div class=\"elementor-widget-container\">\n\t\t\t<h3 class=\"elementor-heading-title elementor-size-default\">Silas har sl\u00e5et benet<\/h3>\t\t<\/div>\n\t\t\t\t<\/div>\n\t\t\t\t<div class=\"elementor-element elementor-element-ac7e89e elementor-widget elementor-widget-text-editor\" data-id=\"ac7e89e\" data-element_type=\"widget\" data-widget_type=\"text-editor.default\">\n\t\t\t\t<div class=\"elementor-widget-container\">\n\t\t\t\t\t\t\t<p>En onsdag aften p\u00e5 b\u00f8rneafdelingen p\u00e5 et hospital kommer en dreng, Silas, p\u00e5 11 m\u00e5neder ind med sin mor og far. Drengen er kommet til skade med benet. Han er meget ked af det, og for\u00e6ldrene virker frustrerede. For\u00e6ldrene fort\u00e6ller at drengen er faldet ned og er kommet til skade med sit ben.<\/p><p>Normalt ville skadestuen have taget imod familien, men her er der ikke plads denne aften. Derfor kommer familien direkte p\u00e5 b\u00f8rneafdelingen. Louise, sygeplejerske p\u00e5 afdelingen, bliver tilknyttet familien og s\u00f8rger for at de bliver indlogeret p\u00e5 en stue. For\u00e6ldrene er nerv\u00f8se. Louise fort\u00e6ller om sin modtagelse af familien: \u201dJeg g\u00f8r meget ud af at de skal f\u00f8le sig trygge. Jeg giver dem mad og drikke, taler med dem og \u00f8nsker at etablere en god relation til dem.\u201d<\/p>\t\t\t\t\t\t<\/div>\n\t\t\t\t<\/div>\n\t\t\t\t<div class=\"elementor-element elementor-element-4d8b462 elementor-widget elementor-widget-heading\" data-id=\"4d8b462\" data-element_type=\"widget\" data-widget_type=\"heading.default\">\n\t\t\t\t<div class=\"elementor-widget-container\">\n\t\t\t<h4 class=\"elementor-heading-title elementor-size-default\">R\u00f8ntgen og bl\u00e5 m\u00e6rker<\/h4>\t\t<\/div>\n\t\t\t\t<\/div>\n\t\t\t\t<div class=\"elementor-element elementor-element-7bd2193 elementor-widget elementor-widget-text-editor\" data-id=\"7bd2193\" data-element_type=\"widget\" data-widget_type=\"text-editor.default\">\n\t\t\t\t<div class=\"elementor-widget-container\">\n\t\t\t\t\t\t\t<p>Efter et par timer skal Silas have taget r\u00f8ntgenbilleder og unders\u00f8ges. Der er mistanke om l\u00e5rbensbrud. De forskellige unders\u00f8gelser tager lang tid. Da unders\u00f8gelserne er lavet, hj\u00e6lper Louise for\u00e6ldrene med at finde feltsenge s\u00e5 de kan overnatte sammen med deres dreng. Louise slutter sin vagt. Da hun kommer igen tidligt n\u00e6ste morgen, g\u00e5r hun ind p\u00e5 stuen. \u00a0Familien sover stadig, og hun v\u00e6kker dem med morgenmad. Efterf\u00f8lgende hj\u00e6lper hun med bleskift. Louise siger da hun t\u00e6nker tilbage p\u00e5 episoden: \u201dJeg l\u00e6gger m\u00e6rke til at drengen har bl\u00e5 m\u00e6rker p\u00e5 maven, men jeg t\u00e6nkte ikke videre over det.\u201d<\/p>\t\t\t\t\t\t<\/div>\n\t\t\t\t<\/div>\n\t\t\t\t<div class=\"elementor-element elementor-element-7e800a9 elementor-widget elementor-widget-heading\" data-id=\"7e800a9\" data-element_type=\"widget\" data-widget_type=\"heading.default\">\n\t\t\t\t<div class=\"elementor-widget-container\">\n\t\t\t<h4 class=\"elementor-heading-title elementor-size-default\">Mistanke om vold<\/h4>\t\t<\/div>\n\t\t\t\t<\/div>\n\t\t\t\t<div class=\"elementor-element elementor-element-1d2f3c3 elementor-widget elementor-widget-text-editor\" data-id=\"1d2f3c3\" data-element_type=\"widget\" data-widget_type=\"text-editor.default\">\n\t\t\t\t<div class=\"elementor-widget-container\">\n\t\t\t\t\t\t\t<p>I et andet lokale p\u00e5 hospitalsgangen afholder l\u00e6gen og ortop\u00e6dkirurgen m\u00f8de med hinanden p\u00e5 baggrund af unders\u00f8gelserne af drengen aftenen f\u00f8r. De bekr\u00e6fter at der er l\u00e5rbensbrud. Louise bliver efterf\u00f8lgende kaldt ind. L\u00e6gerne fort\u00e6ller hende at b\u00f8rn ikke f\u00e5r l\u00e5rbensbrud s\u00e5 nemt, og at det giver dem en mistanke om vold. De sp\u00f8rger Louise om hun har lagt m\u00e6rke til noget opsigtsv\u00e6kkende, fx i forhold til for\u00e6ldrenes samv\u00e6r med barnet, eller om hun har lagt m\u00e6rke til skrammer p\u00e5 barnets krop. Hun fort\u00e6ller om de bl\u00e5 m\u00e6rker p\u00e5 maven hvortil l\u00e6gerne siger at det ikke er normalt at have bl\u00e5 m\u00e6rker i den kropsregion medmindre man er blevet taget h\u00e5rdt fat i eller har f\u00e5et h\u00e5rde slag. Louise tilf\u00f8jer til dette: \u201dP\u00e5 det her tidspunkt mener jeg ikke at for\u00e6ldrene er klar over at personalet p\u00e5 hospitalet har mistanke om vold.\u201d<\/p><p>L\u00e6gerne og Louise aftaler at de i l\u00f8bet af de efterf\u00f8lgende timer skal have taget flere r\u00f8ntgenbilleder og lavet flere andre unders\u00f8gelser som kan be- eller afkr\u00e6fte mistanken om vold. Louise siger: \u201dJeg oplever at alt det der foreg\u00e5r forandres fra at v\u00e6re omsorgsydende i forhold til at d\u00e6kke nogle behov i en familie til at blive en form for detektivarbejde hvor vi skal have be- eller afkr\u00e6ftet mistanken om vold.\u201d<\/p>\t\t\t\t\t\t<\/div>\n\t\t\t\t<\/div>\n\t\t\t\t<div class=\"elementor-element elementor-element-e5385f0 elementor-widget elementor-widget-heading\" data-id=\"e5385f0\" data-element_type=\"widget\" data-widget_type=\"heading.default\">\n\t\t\t\t<div class=\"elementor-widget-container\">\n\t\t\t<h4 class=\"elementor-heading-title elementor-size-default\">Flere unders\u00f8gelser<\/h4>\t\t<\/div>\n\t\t\t\t<\/div>\n\t\t\t\t<div class=\"elementor-element elementor-element-c260a27 elementor-widget elementor-widget-text-editor\" data-id=\"c260a27\" data-element_type=\"widget\" data-widget_type=\"text-editor.default\">\n\t\t\t\t<div class=\"elementor-widget-container\">\n\t\t\t\t\t\t\t<p>De f\u00f8lgende timer bliver der taget flere r\u00f8ntgenbilleder. Louise hj\u00e6lper for\u00e6ldrene med at bade barnet og benytter badet til at unders\u00f8ge barnet for andre skrammer. Louise forklarer: \u201dP\u00e5 et tidspunkt hvor den lille dreng gr\u00e6der meget og faderen er irritabel, kan jeg m\u00e6rke at jeg begynder at t\u00e6nke p\u00e5 om der alligevel er hold i mistanken. \u00a0Timerne sammen med for\u00e6ldrene er meget udfordrende. Jeg f\u00f8ler for\u00e6ldrene skal sk\u00e5nes hvis nu der ikke er hold i mistanken. Samtidig kan jeg m\u00e6rke at resten af sygeplejerskerne p\u00e5 afdelingen har \u00e6ndret adf\u00e6rd i forhold til for\u00e6ldrene. Tonen, blikkene og m\u00e5den der bliver hilst p\u00e5 for\u00e6ldrene p\u00e5 er blevet anderledes.\u201d<\/p><p>Under badet opdager Louise yderligere bl\u00e5 m\u00e6rker p\u00e5 ryggen, og hun g\u00e5r til l\u00e6gerne med denne viden. L\u00e6gerne indkalder for\u00e6ldrene til samtale for at fort\u00e6lle om mistanken. Personalet beslutter, at Louise, som har v\u00e6ret tilknyttet familien fra de kom ind p\u00e5 hospitalet, ikke skal deltage i m\u00f8det da hendes gode relation til for\u00e6ldrene skal bibeholdes. Louise siger: \u201dP\u00e5 den m\u00e5de f\u00e5r jeg rollen som den \u201dgode\u201d, mens l\u00e6gerne f\u00e5r rollen som de \u201donde\u201d.\u201d<\/p>\t\t\t\t\t\t<\/div>\n\t\t\t\t<\/div>\n\t\t\t\t<div class=\"elementor-element elementor-element-54f966e elementor-widget elementor-widget-heading\" data-id=\"54f966e\" data-element_type=\"widget\" data-widget_type=\"heading.default\">\n\t\t\t\t<div class=\"elementor-widget-container\">\n\t\t\t<h4 class=\"elementor-heading-title elementor-size-default\">For\u00e6ldrene konfronteres<\/h4>\t\t<\/div>\n\t\t\t\t<\/div>\n\t\t\t\t<div class=\"elementor-element elementor-element-ebb664f elementor-widget elementor-widget-text-editor\" data-id=\"ebb664f\" data-element_type=\"widget\" data-widget_type=\"text-editor.default\">\n\t\t\t\t<div class=\"elementor-widget-container\">\n\t\t\t\t\t\t\t<p>Til m\u00f8det fort\u00e6ller l\u00e6gerne for\u00e6ldrene at de p\u00e5 baggrund af r\u00f8ntgenbillederne og de resterende unders\u00f8gelser har en mistanke om at barnets brud er for\u00e5rsaget af vold. De forklarer at der vil foreg\u00e5 flere unders\u00f8gelser som skal v\u00e6re med til at be- eller afkr\u00e6fte mistanken. Endvidere oplyser de for\u00e6ldrene om at de rent juridisk er forpligtet p\u00e5 at kontakte de sociale myndigheder.<\/p><p>Da m\u00f8det er slut, g\u00e5r for\u00e6ldrene ind p\u00e5 stuen igen. Louise g\u00e5r ind til dem. Louise mindes situationen: \u201dHer m\u00f8der jeg for\u00e6ldrene, som er meget oprevede og frustrerede. \u00a0Frustrationen ender ogs\u00e5 med at g\u00e5 ud over mig da for\u00e6ldrene virker sure p\u00e5 hele systemet og ogs\u00e5 ser mig som en del af systemet. Min kontakt til for\u00e6ldrene bliver sv\u00e6r, og jeg kan ikke bibeholde den gode relation til dem.\u201d<\/p>\t\t\t\t\t\t<\/div>\n\t\t\t\t<\/div>\n\t\t\t\t<div class=\"elementor-element elementor-element-a205523 elementor-widget elementor-widget-heading\" data-id=\"a205523\" data-element_type=\"widget\" data-widget_type=\"heading.default\">\n\t\t\t\t<div class=\"elementor-widget-container\">\n\t\t\t<h4 class=\"elementor-heading-title elementor-size-default\">Overflytning til andet hospital<\/h4>\t\t<\/div>\n\t\t\t\t<\/div>\n\t\t\t\t<div class=\"elementor-element elementor-element-0febd08 elementor-widget elementor-widget-text-editor\" data-id=\"0febd08\" data-element_type=\"widget\" data-widget_type=\"text-editor.default\">\n\t\t\t\t<div class=\"elementor-widget-container\">\n\t\t\t\t\t\t\t<p>Silas l\u00e5rbensbrud er for kompliceret til at blive behandlet p\u00e5 hospitalet. Derfor bliver familien overflyttet til et st\u00f8rre hospital som kan udf\u00f8re operationen. \u00a0Sagen bliver sendt med til det andet hospital, og de sociale myndigheder bliver kontaktet i forhold til mistanken om vold.<\/p>\t\t\t\t\t\t<\/div>\n\t\t\t\t<\/div>\n\t\t\t\t\t<\/div>\n\t\t<\/div>\n\t\t\t\t\t\t\t<\/div>\n\t\t<\/section>\n\t\t\t\t\t\t\t<\/div>\n\t\t","protected":false},"excerpt":{"rendered":"<p>Silas \u2013 mistanke om vold mod 11-m\u00e5neders dreng Direkte akt\u00f8rperspektiver Louise, sygeplejerske p\u00e5 b\u00f8rneafdeling p\u00e5 et hospital Indirekte akt\u00f8rperspektiver Silas Silas\u2019 for\u00e6ldre Hospitalsl\u00e6ge og ortop\u00e6dkirurg&hellip;<\/p>\n","protected":false},"author":1,"featured_media":0,"parent":0,"menu_order":0,"comment_status":"closed","ping_status":"closed","template":"","meta":{"footnotes":""},"class_list":["post-93","page","type-page","status-publish","hentry"],"_links":{"self":[{"href":"https:\/\/nububupt.pha.dk\/index.php?rest_route=\/wp\/v2\/pages\/93","targetHints":{"allow":["GET"]}}],"collection":[{"href":"https:\/\/nububupt.pha.dk\/index.php?rest_route=\/wp\/v2\/pages"}],"about":[{"href":"https:\/\/nububupt.pha.dk\/index.php?rest_route=\/wp\/v2\/types\/page"}],"author":[{"embeddable":true,"href":"https:\/\/nububupt.pha.dk\/index.php?rest_route=\/wp\/v2\/users\/1"}],"replies":[{"embeddable":true,"href":"https:\/\/nububupt.pha.dk\/index.php?rest_route=%2Fwp%2Fv2%2Fcomments&post=93"}],"version-history":[{"count":7,"href":"https:\/\/nububupt.pha.dk\/index.php?rest_route=\/wp\/v2\/pages\/93\/revisions"}],"predecessor-version":[{"id":381,"href":"https:\/\/nububupt.pha.dk\/index.php?rest_route=\/wp\/v2\/pages\/93\/revisions\/381"}],"wp:attachment":[{"href":"https:\/\/nububupt.pha.dk\/index.php?rest_route=%2Fwp%2Fv2%2Fmedia&parent=93"}],"curies":[{"name":"wp","href":"https:\/\/api.w.org\/{rel}","templated":true}]}}