{"id":97,"date":"2023-04-03T10:47:26","date_gmt":"2023-04-03T10:47:26","guid":{"rendered":"https:\/\/nububupt.pha.dk\/?page_id=97"},"modified":"2023-04-04T07:25:29","modified_gmt":"2023-04-04T07:25:29","slug":"tanja","status":"publish","type":"page","link":"https:\/\/nububupt.pha.dk\/?page_id=97","title":{"rendered":"Tanja"},"content":{"rendered":"\t\t<div data-elementor-type=\"wp-page\" data-elementor-id=\"97\" class=\"elementor elementor-97\">\n\t\t\t\t\t\t\t\t\t<section class=\"elementor-section elementor-top-section elementor-element elementor-element-4d77ff0 elementor-section-boxed elementor-section-height-default elementor-section-height-default\" data-id=\"4d77ff0\" data-element_type=\"section\">\n\t\t\t\t\t\t<div class=\"elementor-container elementor-column-gap-default\">\n\t\t\t\t\t<div class=\"elementor-column elementor-col-33 elementor-top-column elementor-element elementor-element-badac70\" data-id=\"badac70\" data-element_type=\"column\">\n\t\t\t<div class=\"elementor-widget-wrap elementor-element-populated\">\n\t\t\t\t\t\t\t\t<div class=\"elementor-element elementor-element-5beb3b5 elementor-widget elementor-widget-heading\" data-id=\"5beb3b5\" data-element_type=\"widget\" data-widget_type=\"heading.default\">\n\t\t\t\t<div class=\"elementor-widget-container\">\n\t\t\t<style>\/*! elementor - v3.12.1 - 02-04-2023 *\/\n.elementor-heading-title{padding:0;margin:0;line-height:1}.elementor-widget-heading .elementor-heading-title[class*=elementor-size-]>a{color:inherit;font-size:inherit;line-height:inherit}.elementor-widget-heading .elementor-heading-title.elementor-size-small{font-size:15px}.elementor-widget-heading .elementor-heading-title.elementor-size-medium{font-size:19px}.elementor-widget-heading .elementor-heading-title.elementor-size-large{font-size:29px}.elementor-widget-heading .elementor-heading-title.elementor-size-xl{font-size:39px}.elementor-widget-heading .elementor-heading-title.elementor-size-xxl{font-size:59px}<\/style><h3 class=\"elementor-heading-title elementor-size-default\">Tanja<\/h3>\t\t<\/div>\n\t\t\t\t<\/div>\n\t\t\t\t<div class=\"elementor-element elementor-element-bd3152b elementor-widget elementor-widget-text-editor\" data-id=\"bd3152b\" data-element_type=\"widget\" data-widget_type=\"text-editor.default\">\n\t\t\t\t<div class=\"elementor-widget-container\">\n\t\t\t<style>\/*! elementor - v3.12.1 - 02-04-2023 *\/\n.elementor-widget-text-editor.elementor-drop-cap-view-stacked .elementor-drop-cap{background-color:#69727d;color:#fff}.elementor-widget-text-editor.elementor-drop-cap-view-framed .elementor-drop-cap{color:#69727d;border:3px solid;background-color:transparent}.elementor-widget-text-editor:not(.elementor-drop-cap-view-default) .elementor-drop-cap{margin-top:8px}.elementor-widget-text-editor:not(.elementor-drop-cap-view-default) .elementor-drop-cap-letter{width:1em;height:1em}.elementor-widget-text-editor .elementor-drop-cap{float:left;text-align:center;line-height:1;font-size:50px}.elementor-widget-text-editor .elementor-drop-cap-letter{display:inline-block}<\/style>\t\t\t\t<p>\u2013 en teenagepiges anbringelse uden for hjemmet da hun er 13 \u00e5r og forl\u00f8bet frem til pigens 18. \u00e5r<\/p>\t\t\t\t\t\t<\/div>\n\t\t\t\t<\/div>\n\t\t\t\t<div class=\"elementor-element elementor-element-a4e83e8 elementor-widget elementor-widget-heading\" data-id=\"a4e83e8\" data-element_type=\"widget\" data-widget_type=\"heading.default\">\n\t\t\t\t<div class=\"elementor-widget-container\">\n\t\t\t<h4 class=\"elementor-heading-title elementor-size-default\">Direkte akt\u00f8rperspektiver<\/h4>\t\t<\/div>\n\t\t\t\t<\/div>\n\t\t\t\t<div class=\"elementor-element elementor-element-96c4631 elementor-widget elementor-widget-text-editor\" data-id=\"96c4631\" data-element_type=\"widget\" data-widget_type=\"text-editor.default\">\n\t\t\t\t<div class=\"elementor-widget-container\">\n\t\t\t\t\t\t\t<blockquote><p>Bente, socialr\u00e5dgiver<\/p><\/blockquote>\t\t\t\t\t\t<\/div>\n\t\t\t\t<\/div>\n\t\t\t\t<div class=\"elementor-element elementor-element-8e37c57 elementor-widget elementor-widget-heading\" data-id=\"8e37c57\" data-element_type=\"widget\" data-widget_type=\"heading.default\">\n\t\t\t\t<div class=\"elementor-widget-container\">\n\t\t\t<h4 class=\"elementor-heading-title elementor-size-default\">Indirekte akt\u00f8rperspektiver<\/h4>\t\t<\/div>\n\t\t\t\t<\/div>\n\t\t\t\t<div class=\"elementor-element elementor-element-c0f09fb elementor-widget elementor-widget-text-editor\" data-id=\"c0f09fb\" data-element_type=\"widget\" data-widget_type=\"text-editor.default\">\n\t\t\t\t<div class=\"elementor-widget-container\">\n\t\t\t\t\t\t\t<blockquote><p>Tanja<\/p><p>Tanjas far<\/p><p>Kontaktperson<\/p><p>Plejefamilie<\/p><p>Opholdssted<\/p><p>Behandlingssted<\/p><p>Politi<\/p><\/blockquote>\t\t\t\t\t\t<\/div>\n\t\t\t\t<\/div>\n\t\t\t\t<div class=\"elementor-element elementor-element-20ba7cd elementor-widget elementor-widget-heading\" data-id=\"20ba7cd\" data-element_type=\"widget\" data-widget_type=\"heading.default\">\n\t\t\t\t<div class=\"elementor-widget-container\">\n\t\t\t<h4 class=\"elementor-heading-title elementor-size-default\">Tv\u00e6rprofessionelle temaer<\/h4>\t\t<\/div>\n\t\t\t\t<\/div>\n\t\t\t\t<div class=\"elementor-element elementor-element-dbaf787 elementor-widget elementor-widget-text-editor\" data-id=\"dbaf787\" data-element_type=\"widget\" data-widget_type=\"text-editor.default\">\n\t\t\t\t<div class=\"elementor-widget-container\">\n\t\t\t\t\t\t\t<blockquote><p>Socialr\u00e5dgivers h\u00e5ndtering af omsorgssvigt<\/p><p>H\u00e5ndtering af b\u00f8rne- og for\u00e6ldreperspektiver i anbringelsessager<\/p><p>Ud\u00f8velse af myndighed<\/p><p>Samarbejde mellem socialr\u00e5dgiver, opholds-, praktik- og behandlingssted, kontaktperson og UU-vejleder<\/p><\/blockquote>\t\t\t\t\t\t<\/div>\n\t\t\t\t<\/div>\n\t\t\t\t<div class=\"elementor-element elementor-element-238639b elementor-widget elementor-widget-heading\" data-id=\"238639b\" data-element_type=\"widget\" data-widget_type=\"heading.default\">\n\t\t\t\t<div class=\"elementor-widget-container\">\n\t\t\t<h4 class=\"elementor-heading-title elementor-size-default\">Didaktiske forslag<\/h4>\t\t<\/div>\n\t\t\t\t<\/div>\n\t\t\t\t<div class=\"elementor-element elementor-element-143ca7d elementor-widget elementor-widget-text-editor\" data-id=\"143ca7d\" data-element_type=\"widget\" data-widget_type=\"text-editor.default\">\n\t\t\t\t<div class=\"elementor-widget-container\">\n\t\t\t\t\t\t\t<blockquote><p>Vignetmetoden<\/p><p>Tidslinje<\/p><\/blockquote>\t\t\t\t\t\t<\/div>\n\t\t\t\t<\/div>\n\t\t\t\t<div class=\"elementor-element elementor-element-e8ec27b elementor-widget elementor-widget-heading\" data-id=\"e8ec27b\" data-element_type=\"widget\" data-widget_type=\"heading.default\">\n\t\t\t\t<div class=\"elementor-widget-container\">\n\t\t\t<h4 class=\"elementor-heading-title elementor-size-default\">Lyt til casen<\/h4>\t\t<\/div>\n\t\t\t\t<\/div>\n\t\t\t\t<div class=\"elementor-element elementor-element-03bd4ff elementor-widget elementor-widget-text-editor\" data-id=\"03bd4ff\" data-element_type=\"widget\" data-widget_type=\"text-editor.default\">\n\t\t\t\t<div class=\"elementor-widget-container\">\n\t\t\t\t\t\t\t<audio class=\"wp-audio-shortcode\" id=\"audio-97-1\" preload=\"none\" style=\"width: 100%;\" controls=\"controls\"><source type=\"audio\/mpeg\" src=\"https:\/\/nububupt.pha.dk\/wp-content\/uploads\/2023\/04\/tanja.mp3?_=1\" \/><a href=\"https:\/\/nububupt.pha.dk\/wp-content\/uploads\/2023\/04\/tanja.mp3\">https:\/\/nububupt.pha.dk\/wp-content\/uploads\/2023\/04\/tanja.mp3<\/a><\/audio>\t\t\t\t\t\t<\/div>\n\t\t\t\t<\/div>\n\t\t\t\t\t<\/div>\n\t\t<\/div>\n\t\t\t\t<div class=\"elementor-column elementor-col-66 elementor-top-column elementor-element elementor-element-00bd5dd\" data-id=\"00bd5dd\" data-element_type=\"column\">\n\t\t\t<div class=\"elementor-widget-wrap elementor-element-populated\">\n\t\t\t\t\t\t\t\t<div class=\"elementor-element elementor-element-d4a823a elementor-widget elementor-widget-heading\" data-id=\"d4a823a\" data-element_type=\"widget\" data-widget_type=\"heading.default\">\n\t\t\t\t<div class=\"elementor-widget-container\">\n\t\t\t<h3 class=\"elementor-heading-title elementor-size-default\">B\u00f8rnefaglig unders\u00f8gelse af Tanja<\/h3>\t\t<\/div>\n\t\t\t\t<\/div>\n\t\t\t\t<div class=\"elementor-element elementor-element-34b031c elementor-widget elementor-widget-text-editor\" data-id=\"34b031c\" data-element_type=\"widget\" data-widget_type=\"text-editor.default\">\n\t\t\t\t<div class=\"elementor-widget-container\">\n\t\t\t\t\t\t\t<p>\u201dTanja er en pige som jeg m\u00f8dte f\u00f8rste gang for snart seks \u00e5r siden,\u201d fort\u00e6ller Bente, som er socialr\u00e5dgiver, og forts\u00e6tter: \u201dTanja er da 12 \u00e5r. Der bliver p\u00e5 det her tidspunkt lavet en b\u00f8rnefaglig unders\u00f8gelse p\u00e5 baggrund af underretninger som g\u00e5r p\u00e5 hendes udvikling og trivsel. Der kommer to underretninger fra skolen, og det er der, vi begynder at finde ud af hvor alvorligt det er.\u201d<\/p><p>\u201dDer er sket rigtig meget i Tanjas liv,\u201d siger Bente og uddyber: \u201dHun er meget s\u00e5rbar og har v\u00e6ret udsat for omsorgssvigt p\u00e5 mange omr\u00e5der, og det p\u00e5virker hende b\u00e5de socialt og f\u00f8lelsesm\u00e6ssigt. Hun har en far der er alkoholiker. Faren har for\u00e6ldremyndigheden over hende, og moren v\u00e6lger at etablere ny familie. For\u00e6ldrene bliver skilt da Tanja er 7 \u00e5r. Moren har v\u00e6ret inde og ude af hendes liv uden stabil kontakt, og de senere \u00e5r har Tanja sagt helt fra over for at have kontakt med sin mor. Tanja har passet sin lilles\u00f8ster, og faren har v\u00e6ret alkoholiseret gennem hele hendes barndom. Hun har taget sig af sin lilles\u00f8ster og bl.a. st\u00e5et for indk\u00f8b. Hun har nogle gange tjekket op p\u00e5 hvor faren var henne, og har s\u00e5 ventet hele natten. Bare det at h\u00f8re et d\u00f8rh\u00e5ndtag reagerer hun p\u00e5 fordi det minder hende om de n\u00e6tter hvor hun l\u00e5 i sin seng og h\u00f8rte d\u00f8rh\u00e5ndtaget n\u00e5r faren kom hjem, s\u00e5 vidste hun ikke rigtigt hvilken stemning han nu var i.\u201d<\/p>\t\t\t\t\t\t<\/div>\n\t\t\t\t<\/div>\n\t\t\t\t<div class=\"elementor-element elementor-element-eb66aa1 elementor-widget elementor-widget-heading\" data-id=\"eb66aa1\" data-element_type=\"widget\" data-widget_type=\"heading.default\">\n\t\t\t\t<div class=\"elementor-widget-container\">\n\t\t\t<h4 class=\"elementor-heading-title elementor-size-default\">Anbringelse p\u00e5 opholdssted<\/h4>\t\t<\/div>\n\t\t\t\t<\/div>\n\t\t\t\t<div class=\"elementor-element elementor-element-40f14d3 elementor-widget elementor-widget-text-editor\" data-id=\"40f14d3\" data-element_type=\"widget\" data-widget_type=\"text-editor.default\">\n\t\t\t\t<div class=\"elementor-widget-container\">\n\t\t\t\t\t\t\t<p>Bente fort\u00e6ller: \u201dSocialforvaltningen v\u00e6lger at anbringe Tanja p\u00e5 et opholdssted der kan im\u00f8dekomme de behov for st\u00f8tte som hun har. Vi kigger ogs\u00e5 p\u00e5 geografi i valget af opholdssted, for hendes n\u00e6rmilj\u00f8 er et misbrugsmilj\u00f8 med kriminalitet, og Tanja s\u00e6lger sin krop for at f\u00e5 penge til t\u00f8j og smykker og for at kunne finansiere sit hashmisbrug. P\u00e5 dette tidspunkt er hun 13 \u00e5r. Det starter som en akutanbringelse mens den b\u00f8rnefaglige unders\u00f8gelse st\u00e5r p\u00e5, og vi finder frem til at der er et anbringelsesgrundlag idet hun er massivt omsorgssvigtet.\u201d<\/p><p>Der er meget samarbejde mellem den kommunale forvaltning og opholdsstedet, og man s\u00f8rger for at Tanja har samv\u00e6r med sin far. For at st\u00f8tte at hun har det godt under samv\u00e6ret, f\u00e5r forvaltningen en aflastningsfamilie til hende. Aflastningsfamilien fungerer som plejefamilie i forbindelse med den b\u00f8rnefaglige unders\u00f8gelse fordi hun ikke kan v\u00e6re hos sin far.<\/p><p>Hun har det godt mens hun er i plejefamilien, og derfor finder man at plejefamilien bedst kan varetage opgaven som aflastningsfamilie da det kommer dertil. Kommunen beslutter at hun skal v\u00e6re i aflastningsfamilien og have samv\u00e6r med sin far i to timer om ugen afh\u00e6ngig af hvor meget hun kan magte.<\/p><p>P\u00e5 opholdsstedet f\u00e5r hun undervisning. Hun higer dog hele tiden efter at komme tilbage til den by hun er vokset op i.<\/p>\t\t\t\t\t\t<\/div>\n\t\t\t\t<\/div>\n\t\t\t\t<div class=\"elementor-element elementor-element-cbf156c elementor-widget elementor-widget-heading\" data-id=\"cbf156c\" data-element_type=\"widget\" data-widget_type=\"heading.default\">\n\t\t\t\t<div class=\"elementor-widget-container\">\n\t\t\t<h4 class=\"elementor-heading-title elementor-size-default\">Revideret handleplan<\/h4>\t\t<\/div>\n\t\t\t\t<\/div>\n\t\t\t\t<div class=\"elementor-element elementor-element-cefdfa8 elementor-widget elementor-widget-text-editor\" data-id=\"cefdfa8\" data-element_type=\"widget\" data-widget_type=\"text-editor.default\">\n\t\t\t\t<div class=\"elementor-widget-container\">\n\t\t\t\t\t\t\t<p>Efter en l\u00e6ngere periode p\u00e5 opholdsstedet giver Tanja udtryk for at hun gerne vil tilbage. Hun vil ikke v\u00e6re p\u00e5 opholdsstedet mere. Bente reviderer handleplanen med henblik p\u00e5 hun kan komme tilbage, og det sker sammen med Tanja. Bente og Tanja snakker om hvad det er for ting hun skal v\u00e6re klar til, og hvilke udfordringer hun vil komme til at m\u00f8de n\u00e5r hun kommer tilbage. Bente siger: \u201dAftalen var ogs\u00e5 at hun skulle bo hos plejefamilien, og at der er et skoletilbud. Hun giver samtykke, og det g\u00f8r faren ogs\u00e5. Der er et samarbejde mellem skoletilbuddet og Tanja og far om hvordan man kan fastholde hende. Hun har tidligere haft meget frav\u00e6r fra skolen med faglige huller som f\u00f8lge, men der er ogs\u00e5 andre udfordringer man skal tage hensyn til, og det er vigtigt at f\u00e5 besluttet hvordan der kan samarbejdes om opgaven. Derfor laver vi en handleplan b\u00e5de for det plejefamilien skal st\u00f8tte Tanja i, og en handleplan til skolen og til far, og Tanja bakker op om det. Tanja deltager i et m\u00f8de p\u00e5 skolen med hendes kommende l\u00e6rer hvor hun fort\u00e6ller hvad hun har brug for, og hvad hun kan have sv\u00e6rt ved. Hun f\u00e5r ogs\u00e5 en kontaktperson.\u201d<\/p>\t\t\t\t\t\t<\/div>\n\t\t\t\t<\/div>\n\t\t\t\t<div class=\"elementor-element elementor-element-73142ee elementor-widget elementor-widget-heading\" data-id=\"73142ee\" data-element_type=\"widget\" data-widget_type=\"heading.default\">\n\t\t\t\t<div class=\"elementor-widget-container\">\n\t\t\t<h4 class=\"elementor-heading-title elementor-size-default\">Tanja l\u00f8ber v\u00e6k<\/h4>\t\t<\/div>\n\t\t\t\t<\/div>\n\t\t\t\t<div class=\"elementor-element elementor-element-872d887 elementor-widget elementor-widget-text-editor\" data-id=\"872d887\" data-element_type=\"widget\" data-widget_type=\"text-editor.default\">\n\t\t\t\t<div class=\"elementor-widget-container\">\n\t\t\t\t\t\t\t<p>Der g\u00e5r n\u00e6sten et \u00e5r, men en dag er Tanja v\u00e6k, og ingen kan finde hende, siger socialr\u00e5dgiveren og forts\u00e6tter: \u201dJeg fors\u00f8ger at kontakte hende og faren, men han kan heller ikke f\u00e5 fat i hende. Hun har tidligere haft en k\u00e6reste der er i det kriminelle milj\u00f8. K\u00e6resten er tidligere straffet, og han skaffer hende de stoffer som hun har brug for. Faren melder til politiet at han ikke kan finde sit barn. Alle pr\u00f8ver at f\u00e5 fat p\u00e5 hende. Tanja kontakter mig efter 2-3 m\u00e5neder, og hun fort\u00e6ller mig at hun st\u00e5r i den by hvor hendes k\u00e6reste opholder sig, og de er g\u00e5et fra hinanden\u201d.<\/p>\t\t\t\t\t\t<\/div>\n\t\t\t\t<\/div>\n\t\t\t\t<div class=\"elementor-element elementor-element-c6ff066 elementor-widget elementor-widget-heading\" data-id=\"c6ff066\" data-element_type=\"widget\" data-widget_type=\"heading.default\">\n\t\t\t\t<div class=\"elementor-widget-container\">\n\t\t\t<h4 class=\"elementor-heading-title elementor-size-default\">Ny revision af handleplan<\/h4>\t\t<\/div>\n\t\t\t\t<\/div>\n\t\t\t\t<div class=\"elementor-element elementor-element-43f7a40 elementor-widget elementor-widget-text-editor\" data-id=\"43f7a40\" data-element_type=\"widget\" data-widget_type=\"text-editor.default\">\n\t\t\t\t<div class=\"elementor-widget-container\">\n\t\t\t\t\t\t\t<p>Tanja kommer tilbage til sin far, og Bente vurderer at der fortsat er et anbringelsesgrundlag. Tanja vil gerne anbringes, men hun vil ikke v\u00e6re hos plejefamilien, og hun vil ikke v\u00e6re p\u00e5 det tidligere opholdssted. Hun vil gerne have st\u00f8tte og bo for sig selv p\u00e5 eget v\u00e6relse og g\u00e5 i skole. Bente f\u00e5r fat i UU-vejlederen fordi Tanja gerne vil have et andet skoletilbud. Socialr\u00e5dgiveren fort\u00e6ller at de f\u00e5r sat gang i hele processen \u2013 og p\u00e5 dette tidspunkt er Tanja lige fyldt 16 \u00e5r. De f\u00e5r et kollegiev\u00e6relse til hende. Med kontaktpersonen bliver der lavet en handleplan for hvilken form for st\u00f8tte hun skal have, for hun skal st\u00f8ttes i at have en selvst\u00e6ndig tilv\u00e6relse og i at kunne h\u00e5ndtere alt det det indeb\u00e6rer at bo for sig selv. \u00a0Derudover f\u00e5r hun st\u00f8tte til at f\u00e5 bearbejdet sit forhold til misbrug og kriminalitet, som det er sv\u00e6rt for hende at holde sig fra.<\/p><p>Bente fort\u00e6ller at hun har et godt samarbejde med Tanjas far: \u201dI starten var der meget modstand. Han skulle lige bruge tid p\u00e5 at erkende at have svigtet som for\u00e6lder, og det var jo rigtig sv\u00e6rt for ham at l\u00e6se den b\u00f8rnefaglige unders\u00f8gelse hvor det er beskrevet hvordan Tanja er blevet omsorgssvigtet, hvilke ting hun er blevet udsat for og at det er ham der har v\u00e6ret med til at uds\u00e6tte hende for de ting. Set fra farens perspektiv s\u00e5 er det Tanja der er noget galt med.\u201d.\u2019 If\u00f8lge faren h\u00f8rer Tanja ikke efter. Han mener at hun g\u00f8r hvad der passer hende, og lige s\u00e5 snart hun ikke har flere penge, s\u00e5 kommer hun og sn\u00f8rer sagsbehandleren. Han siger: \u201dDet er det liv hun har valgt. Det her er det hun g\u00f8r, det er ikke min skyld, og jeg kan ikke g\u00f8re mere. Det er ikke mit ansvar.\u201d<\/p>\t\t\t\t\t\t<\/div>\n\t\t\t\t<\/div>\n\t\t\t\t<div class=\"elementor-element elementor-element-1074792 elementor-widget elementor-widget-heading\" data-id=\"1074792\" data-element_type=\"widget\" data-widget_type=\"heading.default\">\n\t\t\t\t<div class=\"elementor-widget-container\">\n\t\t\t<h4 class=\"elementor-heading-title elementor-size-default\">Anbringelse p\u00e5 kollegiev\u00e6relse<\/h4>\t\t<\/div>\n\t\t\t\t<\/div>\n\t\t\t\t<div class=\"elementor-element elementor-element-5785d20 elementor-widget elementor-widget-text-editor\" data-id=\"5785d20\" data-element_type=\"widget\" data-widget_type=\"text-editor.default\">\n\t\t\t\t<div class=\"elementor-widget-container\">\n\t\t\t\t\t\t\t<p>Tanjas anbringelse p\u00e5 kollegiev\u00e6relset g\u00e5r fint den f\u00f8rste m\u00e5ned, og Bente f\u00e5r etableret et praktiksted til Tanja. Men efter den f\u00f8rste m\u00e5ned holder Tanja op med at kontakte sin kontaktperson og Bente, og Bente indkalder Tanja til m\u00f8de. Socialr\u00e5dgiveren fort\u00e6ller at hun snakker med hende, og p\u00e5 et tidspunkt siger Tanja: \u201dJamen der er et eller andet galt med mig. Det m\u00e5 v\u00e6re oppe i mit hoved, for jeg ved hvad der er rigtig og forkert, men jeg ved ikke hvorfor jeg v\u00e6lger de her ting. Jeg ved godt at de er forkerte, men jeg er ligeglad.\u201d<\/p><p>Tanja g\u00e5r med til at der bliver lavet en psykologisk udredning af hende. Igen holder hun op med at tage kontakt til kontaktpersonen og til Bente, som fort\u00e6ller: \u201dDer sker det samme igen, hun er ikke i skole, hun er ikke p\u00e5 sit praktiksted, og alle pr\u00f8ver igen at kontakte hende. Der g\u00e5r igen 2-3 m\u00e5neder, og s\u00e5 ringer hun til mig og siger at hun gerne vil ud af sit misbrug af hash, coke og amfetamin.\u201d<\/p>\t\t\t\t\t\t<\/div>\n\t\t\t\t<\/div>\n\t\t\t\t<div class=\"elementor-element elementor-element-bfbf873 elementor-widget elementor-widget-heading\" data-id=\"bfbf873\" data-element_type=\"widget\" data-widget_type=\"heading.default\">\n\t\t\t\t<div class=\"elementor-widget-container\">\n\t\t\t<h4 class=\"elementor-heading-title elementor-size-default\">Tanjas nye k\u00e6reste<\/h4>\t\t<\/div>\n\t\t\t\t<\/div>\n\t\t\t\t<div class=\"elementor-element elementor-element-204354f elementor-widget elementor-widget-text-editor\" data-id=\"204354f\" data-element_type=\"widget\" data-widget_type=\"text-editor.default\">\n\t\t\t\t<div class=\"elementor-widget-container\">\n\t\t\t\t\t\t\t<p>Tanja f\u00e5r tilbud om misbrugsbehandling, og hun anbringes igen med samtykke fra hende selv, faren og behandlingsstedet. Det viser sig at hun har f\u00e5et en ny k\u00e6reste med en dom for kriminalitet, og fra den dag han kommer ud af f\u00e6ngslet, h\u00f8rer socialr\u00e5dgiveren ikke fra hende i flere m\u00e5neder.<\/p><p>Pludselig dukker Tanja op hos Bente og siger at hun tr\u00e6kker samtykket for anbringelsen tilbage. Hun bor nu sammen med sin k\u00e6reste, og socialr\u00e5dgiveren fort\u00e6ller at Tanja ikke kan se hvorfor hun skal v\u00e6re anbragt. Hun \u00f8nsker prim\u00e6rt et job der kan give hende penge. Socialr\u00e5dgiveren taler med Tanja om at n\u00e5r hun fylder 18 kan hun muligvis f\u00e5 efterv\u00e6rn, men for at opn\u00e5 det, s\u00e5 skal hun enten v\u00e6re anbragt op til det fyldte 18. \u00e5r \u2013 og det vil ikke v\u00e6re tilf\u00e6ldet for hende n\u00e5r hun tr\u00e6kker sit samtykke tilbage, eller hun skal have en kontaktperson, men form\u00e5let med at hun har en kontaktperson er ikke l\u00e6ngere til stede. Tanja \u00f8nsker ikke l\u00e6ngere hj\u00e6lp. Hun forklarer at hun nu bor sammen med k\u00e6resten, hans for\u00e6ldre vil k\u00f8be hus til dem, og hun vil gerne giftes med ham \u2013 det er hendes dr\u00f8m.<\/p>\t\t\t\t\t\t<\/div>\n\t\t\t\t<\/div>\n\t\t\t\t<div class=\"elementor-element elementor-element-91963a4 elementor-widget elementor-widget-heading\" data-id=\"91963a4\" data-element_type=\"widget\" data-widget_type=\"heading.default\">\n\t\t\t\t<div class=\"elementor-widget-container\">\n\t\t\t<h4 class=\"elementor-heading-title elementor-size-default\">Tanja uden kontakt med familie og socialforvaltning<\/h4>\t\t<\/div>\n\t\t\t\t<\/div>\n\t\t\t\t<div class=\"elementor-element elementor-element-0496db6 elementor-widget elementor-widget-text-editor\" data-id=\"0496db6\" data-element_type=\"widget\" data-widget_type=\"text-editor.default\">\n\t\t\t\t<div class=\"elementor-widget-container\">\n\t\t\t\t\t\t\t<p>P\u00e5 nuv\u00e6rende tidspunkt er der ikke nogen fra familien der har kontakt med Tanja, fort\u00e6ller socialr\u00e5dgiveren. Tanjas lilles\u00f8ster er ogs\u00e5 anbragt i plejefamilie. Bente har fors\u00f8gt at skabe kontakt mellem de to s\u00f8skende, men Tanja \u00f8nsker ikke kontakten. Lilles\u00f8steren har v\u00e6ret anbragt lige s\u00e5 l\u00e6nge som Tanja, men de fik to forskellige forl\u00f8b. Der var meget forskel p\u00e5 pigernes personligheder, men ogs\u00e5 p\u00e5 hvilke problematikker de var kommet ud i, da Tanja havde passet p\u00e5 sin lilles\u00f8ster.<\/p><p>Socialr\u00e5dgiveren n\u00e6vner at hun har haft flere eftertanker om forl\u00f8bet. I dag er Tanja ved at v\u00e6re 18 \u00e5r. Gennem de snart seks \u00e5r hun har kendt hende, har hun haft mange anbringelsesskift, der har v\u00e6ret mange personer i hendes liv, og der har ikke v\u00e6ret kontinuitet for hende. Bente siger: \u201dEt eller andet sted kan jeg godt se at der er risiko for at n\u00e5r k\u00e6resten kommer ud af f\u00e6ngslet, s\u00e5 er Tanja v\u00e6k. S\u00e5 l\u00e6nge Tanja er motiveret for at deltage i misbrugsbehandlingen, s\u00e5 h\u00e5ber jeg at Tanja kan se at det er bedst for hende selv, at hun bliver der og f\u00e5r afsluttet forl\u00f8bet, bliver i stand til at starte p\u00e5 en uddannelse og f\u00e5r et job p\u00e5 sigt.\u201d<\/p><p>Bente afslutter med at n\u00e6vne at lige nu er hun i gang med at unders\u00f8ge mulighederne for om der er grundlag for tvang her umiddelbart f\u00f8r hun fylder 18 \u00e5r, og at det er et etisk dilemma: Kan man tvinge et menneske, og hvad kan man tvinge til? Men er der grundlag for tvang, vil hun indstille det til B\u00f8rne- og Ungeudvalget.<\/p>\t\t\t\t\t\t<\/div>\n\t\t\t\t<\/div>\n\t\t\t\t\t<\/div>\n\t\t<\/div>\n\t\t\t\t\t\t\t<\/div>\n\t\t<\/section>\n\t\t\t\t\t\t\t<\/div>\n\t\t","protected":false},"excerpt":{"rendered":"<p>Tanja \u2013 en teenagepiges anbringelse uden for hjemmet da hun er 13 \u00e5r og forl\u00f8bet frem til pigens 18. \u00e5r Direkte akt\u00f8rperspektiver Bente, socialr\u00e5dgiver Indirekte&hellip;<\/p>\n","protected":false},"author":1,"featured_media":0,"parent":0,"menu_order":0,"comment_status":"closed","ping_status":"closed","template":"","meta":{"footnotes":""},"class_list":["post-97","page","type-page","status-publish","hentry"],"_links":{"self":[{"href":"https:\/\/nububupt.pha.dk\/index.php?rest_route=\/wp\/v2\/pages\/97","targetHints":{"allow":["GET"]}}],"collection":[{"href":"https:\/\/nububupt.pha.dk\/index.php?rest_route=\/wp\/v2\/pages"}],"about":[{"href":"https:\/\/nububupt.pha.dk\/index.php?rest_route=\/wp\/v2\/types\/page"}],"author":[{"embeddable":true,"href":"https:\/\/nububupt.pha.dk\/index.php?rest_route=\/wp\/v2\/users\/1"}],"replies":[{"embeddable":true,"href":"https:\/\/nububupt.pha.dk\/index.php?rest_route=%2Fwp%2Fv2%2Fcomments&post=97"}],"version-history":[{"count":10,"href":"https:\/\/nububupt.pha.dk\/index.php?rest_route=\/wp\/v2\/pages\/97\/revisions"}],"predecessor-version":[{"id":392,"href":"https:\/\/nububupt.pha.dk\/index.php?rest_route=\/wp\/v2\/pages\/97\/revisions\/392"}],"wp:attachment":[{"href":"https:\/\/nububupt.pha.dk\/index.php?rest_route=%2Fwp%2Fv2%2Fmedia&parent=97"}],"curies":[{"name":"wp","href":"https:\/\/api.w.org\/{rel}","templated":true}]}}